{"id":4640,"date":"2024-03-14T09:16:23","date_gmt":"2024-03-14T07:16:23","guid":{"rendered":"https:\/\/www.nokiankylat.fi\/taivalkunta\/?page_id=4640"},"modified":"2024-03-18T08:22:03","modified_gmt":"2024-03-18T06:22:03","slug":"toimintakertomus-2023","status":"publish","type":"page","link":"https:\/\/www.nokiankylat.fi\/taivalkunta\/yhdistykset\/taivalkunnan-kylat-ry\/toimintakertomus-2023\/","title":{"rendered":"Toimintakertomus 2023"},"content":{"rendered":"<h2>Taivalkunnan kyl\u00e4t ry vuosikertomus 2023<\/h2>\n<p>Yhdistyksen toiminta-alueena on koko Taivalkunta koostuen seuraavista kylist\u00e4: Taipale,<br \/>\nKohmala, Kennola, Vastam\u00e4ki, Memmola, Kassila, Haapaniemi, Kontaa, Lukkila ja<br \/>\nK\u00e4rjenmaa.<br \/>\nYhdistyksen tarkoituksena on toimia Taivalkunnan asukkaiden ja yhteis\u00f6jen<br \/>\nyhteisty\u00f6elimen\u00e4 pyrkimyksiss\u00e4 parantaa edell\u00e4 mainituilla alueilla vakituisesti tai vapaaaikanaan<br \/>\nasuvien ihmisten hyvinvointia.<br \/>\nYhdistys kannustaa toiminta-alueensa asukkaita yhteistoimintaan kotiseutunsa<br \/>\nkehitt\u00e4miseksi sek\u00e4 kehitt\u00e4\u00e4 yhteisty\u00f6t\u00e4 toiminta-alueensa p\u00e4\u00e4tt\u00e4jien ja viranhaltijoiden<br \/>\nkanssa kylien kehitt\u00e4misess\u00e4 ja kylien asukkaiden hyvinvoinnin parantamisessa.<br \/>\nTarkoituksena on lis\u00e4ksi verkostoitua muiden vastaavien tahojen ja maaseudun<br \/>\nkehitt\u00e4misorganisaatioiden kanssa.<\/p>\n<p><strong>Hallinto<\/strong><br \/>\nTaivalkunnan kyl\u00e4t ry:n hallitukseen vuonna 2023 kuuluivat puheenjohtaja Erkko<br \/>\nM\u00e4enp\u00e4\u00e4, varapuheenjohtaja Tomi Teuho-Markkola, sihteeri Minna M\u00e4kinen,<br \/>\nrahastonhoitaja Marjo Salmij\u00e4rvi sek\u00e4 j\u00e4senet Anja Mattila, Elina Helenius, Teemu<br \/>\nLehtim\u00e4ki, Petra P\u00f6l\u00f6nen ja Emilia Vuorinen.<br \/>\nToiminnantarkastajana tilikaudella 2023 toimi Veijo Hynninen ja h\u00e4nen varahenkil\u00f6n\u00e4\u00e4n<br \/>\nMeiju Mertanen.<br \/>\nTaivalkunnan kyl\u00e4t ry:n kev\u00e4tkokous pidettiin 23.3.2023 ja syyskokous 25.10.2023.<\/p>\n<p><strong>Hallituksen kokoukset<\/strong><br \/>\nTaivalkunnan kyl\u00e4t ry:n hallitus piti vuonna 2023 nelj\u00e4 omaa kokousta. Kokousten<br \/>\nyhteishenki oli hyv\u00e4. Aikaa k\u00e4ytettiin Taivalkunnan koulun s\u00e4ilytt\u00e4mistoimiin koulun ollessa<br \/>\nloppuvuodesta lakkautusuhan alla. S\u00e4ilytt\u00e4mistoimista huolimatta kaupunki p\u00e4\u00e4tti<br \/>\njoulukuun kokouksessaan lakkauttaa Taivalkunnan kyl\u00e4koulun lukukauden 2023-2024<br \/>\np\u00e4\u00e4ttyess\u00e4, mik\u00e4 oli kova kolaus Taivalkunnan kyl\u00e4l\u00e4isille.<\/p>\n<p><strong>Talvitapahtuma ja joululaulutilaisuus<\/strong><br \/>\nPerinteinen Taivalkunnan kyl\u00e4n Talvitapahtuma golfkent\u00e4ll\u00e4 Jutkulan m\u00e4ess\u00e4 pidettiin<br \/>\n19.2. Talvitapahtuma ker\u00e4si mukavan m\u00e4\u00e4r\u00e4n kyl\u00e4l\u00e4isi\u00e4 koolle ja m\u00e4enlasku sek\u00e4<br \/>\nmakkaranpaisto nuotiolla sujuivat aurinkoisessa s\u00e4\u00e4ss\u00e4 sek\u00e4 iloisissa tunnelmissa.<br \/>\nJoulukuussa 2023 j\u00e4rjestettiin yhdistyksen joululauluilta Taivalkunnan koululla. Samassa<br \/>\ntilaisuudessa pidettiin my\u00f6s Taivalkunnan koulun oppilaiden joulujuhla. Koulun oppilaat<br \/>\nesittiv\u00e4t upeita esityksi\u00e4. Taivalkunnan koulun oppilaat myiv\u00e4t tapahtumassa leivonnaisia,<br \/>\nomatekemi\u00e4\u00e4n joulukoristeita ja muuta perinteik\u00e4st\u00e4 markkinatavaraa. Tomi Markkola<br \/>\nlaulatti kyl\u00e4l\u00e4isi\u00e4 pianistin s\u00e4estyksell\u00e4. Joululauluilta yhdistettyn\u00e4 koulun joulujuhlaan oli<br \/>\nkyl\u00e4l\u00e4isille mieluisa tapahtuma. Tapahtumassa oli tarjolla riisipuuroa ja gl\u00f6gi\u00e4.<\/p>\n<p><strong>Pankkiasiat<\/strong><br \/>\nTaivalkunnan kyl\u00e4t ry pankkitili siirrettiin 2023 vuonna Nordeasta Osuuspankkiin.<\/p>\n<p><strong>Tiedotustoiminta<\/strong><br \/>\nVuonna 2023 tiedotus oli s\u00e4\u00e4nn\u00f6llist\u00e4. Olli Sorva toimitti kyl\u00e4kirjeit\u00e4 kyl\u00e4l\u00e4isille<br \/>\ns\u00e4hk\u00f6postitse ja osa niist\u00e4 jaettiin my\u00f6s postilaatikoihinkin. Kyl\u00e4n asioista tiedotettiin my\u00f6s<br \/>\nkyl\u00e4n nettisivustolla. Kyl\u00e4n Facebook ja Instagram olivat my\u00f6s aktiivisessa<br \/>\ntiedotusk\u00e4yt\u00f6ss\u00e4.<\/p>\n<p><strong>Muistamiset ja stipendit<\/strong><br \/>\nKev\u00e4\u00e4ll\u00e4 2023 Taivalkunnan kyl\u00e4t ry:n stipendit meniv\u00e4t kouluille jakoon seuraavasti:<br \/>\nTaivalkunnan alakoulun 30 euron stipendit saivat Klaus af H\u00e4llstr\u00f6m \u201dkiva kaveri\u201d &#8211;<br \/>\nperiaatteella ja Amanda Lahti \u201dtaitava osaaja\u201d \u2013 periaatteella. 50 euron stipendit, mink\u00e4<br \/>\njakoperusteet olivat \u201dparas keskiarvo koulusta l\u00e4htev\u00e4ll\u00e4 taivalkuntalaisella\u201d meni<br \/>\nEm\u00e4kosken yl\u00e4koulussa Leevi Leskiselle 9F ja Nokianvirran yl\u00e4koulussa Roni Teuho-<br \/>\nMarkkolalle 9G.<\/p>\n<p><strong>Terveytt\u00e4 yhdess\u00e4 liikkuen<\/strong><br \/>\nTaivalkunnan kyl\u00e4ll\u00e4 j\u00e4rjestettiin Petran ja Emilian johdolla 2023 keskiviikkoisin h\u00f6ntsyj\u00e4<br \/>\ntoukokuusta syyskuuhun. H\u00f6ntsyt j\u00e4rjestettiin matalan kynnyksen periaatteella ja niihin<br \/>\nolivat kaikki kyl\u00e4l\u00e4iset tervetulleita aikaisemmasta urheilutausta riippumatta. H\u00f6ntsyiss\u00e4<br \/>\npelattiin jalkapalloa ja pes\u00e4palloa sek\u00e4 jumpattiin porukalla koulun liikuntasalissa. Yhdell\u00e4<br \/>\nh\u00f6ntsy-kerralla ylitettiin jopa Nokianvirta suplaudoilla.<\/p>\n<p><strong>Nyt tehd\u00e4\u00e4n hyv\u00e4\u00e4 -hanke<\/strong><br \/>\nHuhtikuussa 2023 Taivalkunnan koululle saapui Marttojen edustaja Essi Pietil\u00e4 luomaan<br \/>\nikkunapuutarhaa osana \u201dNyt tehd\u00e4\u00e4n hyv\u00e4\u00e4\u201d-hanketta. Oppilaat vanhempineen istuttivat ja<br \/>\nhoitivat viljelmi\u00e4 koulun pihamaalla ja saivat taimet kotiinkin. Kyl\u00e4yhdistykselle perustettiin<br \/>\nkoulun pihalle lis\u00e4ksi kaksi satolaatikkoa, joihin istutettiin kyl\u00e4l\u00e4isten hoidettaviksi ja<br \/>\nhy\u00f6dynnett\u00e4viksi yrttej\u00e4 sek\u00e4 erilaisia hy\u00f6tykasveja. Syksyll\u00e4 j\u00e4rjestettiin sadonkorjuujuhla<br \/>\nkoululla, johon talkoilijoiden toimesta kokkailtiin juhla-ateria tarjolle ja koristeltiin tila sadon<br \/>\nantimilla.<\/p>\n<p><strong>Kyl\u00e4juhla syyskuussa<\/strong><br \/>\nSyyskuussa j\u00e4rjestettiin aikuisten Sadonkorjuu-juhla K\u00e4llin autotallissa. Kyl\u00e4yhdistys<br \/>\nhankki juhliin pient\u00e4 naposteltavaa ja virvokkeita. Juhlissa laulettiin karaokea, kisattiin<br \/>\nm\u00f6lkky\u00e4 ja viihdyttiin yhdess\u00e4 aina pikkutunneille asti.<\/p>\n<p><strong>Valokuitu<\/strong><br \/>\n2023 vuoden aikana Lounea kartoitti kyl\u00e4l\u00e4isten kiinnostusta valokuidun hankkimiseen.<br \/>\nMoni kyl\u00e4l\u00e4inen oli valokuidusta kiinnostunut ja hanketta tullaan viem\u00e4\u00e4n eteenp\u00e4in.<\/p>\n<p><strong>Tulevaisuuden n\u00e4kym\u00e4t<\/strong><br \/>\nL\u00e4hitulevaisuuden n\u00e4kym\u00e4t ovat muutoin kyl\u00e4ll\u00e4 hyv\u00e4t, mutta kyl\u00e4koulun<br \/>\nlakkauttamisp\u00e4\u00e4t\u00f6s on asia, mik\u00e4 painaa monien kyl\u00e4ll\u00e4 asuvien mieli\u00e4. Suru kyl\u00e4n<br \/>\nsyd\u00e4men\u00e4 vuosisadan ajan toimineen koulun lakkauttamisesta on vahvaa. Ep\u00e4tieto kyl\u00e4n<br \/>\nlasten tulevista opinahjoista ja koulukyytien sujumisista pohdituttaa monia. My\u00f6s<br \/>\nep\u00e4tietoisuus koulurakennuksen kohtalosta her\u00e4tt\u00e4\u00e4 huolen tunnetta.<br \/>\nKoulun lakkauttamisesta huolimatta kyl\u00e4ll\u00e4 katsotaan yhdess\u00e4 luottavaisin mielin tulevaan.<br \/>\nTaivalkunta on hieno paikka asua ja kyl\u00e4n kehitt\u00e4minen asukkaiden viihtyvyys silm\u00e4ll\u00e4<br \/>\npit\u00e4en on monelle kyl\u00e4l\u00e4iselle kunnia asia.<\/p>\n<p>Kyl\u00e4yhdistys tahtoo kiitt\u00e4\u00e4 kaikkia kyl\u00e4l\u00e4isi\u00e4 yhteisty\u00f6st\u00e4 vuonna 2023.<br \/>\nTaivalkunnan kyl\u00e4t ry hallitus 14.3.2024<\/p>\n","protected":false},"excerpt":{"rendered":"<p>Taivalkunnan kyl\u00e4t ry vuosikertomus 2023 Yhdistyksen toiminta-alueena on koko Taivalkunta koostuen seuraavista kylist\u00e4: Taipale, Kohmala, Kennola, Vastam\u00e4ki, Memmola, Kassila, Haapaniemi, Kontaa, Lukkila ja K\u00e4rjenmaa. Yhdistyksen tarkoituksena on toimia Taivalkunnan asukkaiden ja yhteis\u00f6jen yhteisty\u00f6elimen\u00e4 pyrkimyksiss\u00e4 parantaa edell\u00e4 mainituilla alueilla vakituisesti tai vapaaaikanaan asuvien ihmisten hyvinvointia. Yhdistys kannustaa toiminta-alueensa asukkaita yhteistoimintaan kotiseutunsa kehitt\u00e4miseksi sek\u00e4 kehitt\u00e4\u00e4 yhteisty\u00f6t\u00e4 toiminta-alueensa &hellip; <a href=\"https:\/\/www.nokiankylat.fi\/taivalkunta\/yhdistykset\/taivalkunnan-kylat-ry\/toimintakertomus-2023\/\">Jatkuu<\/a><\/p>\n","protected":false},"author":4,"featured_media":0,"parent":43,"menu_order":0,"comment_status":"closed","ping_status":"closed","template":"","meta":{"_acf_changed":false,"footnotes":""},"class_list":["post-4640","page","type-page","status-publish","hentry"],"acf":[],"_links":{"self":[{"href":"https:\/\/www.nokiankylat.fi\/taivalkunta\/wp-json\/wp\/v2\/pages\/4640","targetHints":{"allow":["GET"]}}],"collection":[{"href":"https:\/\/www.nokiankylat.fi\/taivalkunta\/wp-json\/wp\/v2\/pages"}],"about":[{"href":"https:\/\/www.nokiankylat.fi\/taivalkunta\/wp-json\/wp\/v2\/types\/page"}],"author":[{"embeddable":true,"href":"https:\/\/www.nokiankylat.fi\/taivalkunta\/wp-json\/wp\/v2\/users\/4"}],"replies":[{"embeddable":true,"href":"https:\/\/www.nokiankylat.fi\/taivalkunta\/wp-json\/wp\/v2\/comments?post=4640"}],"version-history":[{"count":4,"href":"https:\/\/www.nokiankylat.fi\/taivalkunta\/wp-json\/wp\/v2\/pages\/4640\/revisions"}],"predecessor-version":[{"id":4646,"href":"https:\/\/www.nokiankylat.fi\/taivalkunta\/wp-json\/wp\/v2\/pages\/4640\/revisions\/4646"}],"up":[{"embeddable":true,"href":"https:\/\/www.nokiankylat.fi\/taivalkunta\/wp-json\/wp\/v2\/pages\/43"}],"wp:attachment":[{"href":"https:\/\/www.nokiankylat.fi\/taivalkunta\/wp-json\/wp\/v2\/media?parent=4640"}],"curies":[{"name":"wp","href":"https:\/\/api.w.org\/{rel}","templated":true}]}}