{"id":4653,"date":"2024-03-19T10:40:16","date_gmt":"2024-03-19T08:40:16","guid":{"rendered":"https:\/\/www.nokiankylat.fi\/taivalkunta\/?page_id=4653"},"modified":"2024-03-19T11:09:29","modified_gmt":"2024-03-19T09:09:29","slug":"kylakirje-19-3-2024","status":"publish","type":"page","link":"https:\/\/www.nokiankylat.fi\/taivalkunta\/yhdistykset\/taivalkunnan-kylat-ry\/kylayhdistyksen-arkisto\/kylakirjeet\/kylakirjeet-2024\/kylakirje-19-3-2024\/","title":{"rendered":"Kyl\u00e4kirje 19-3-2024"},"content":{"rendered":"<p><strong>Kyl\u00e4kirje 19-3-2024<\/strong><\/p>\n<p><strong>Kyl\u00e4lehti ilmestyy toukokuun lopulla<\/strong><\/p>\n<p>Sarkola-Taivalkunta tekee yhteisen, vahvasti kouluasiapainotteisen, kyl\u00e4lehden. Lehden teko on jo hyv\u00e4ss\u00e4 vauhdissa ja nyt on <strong>ajankohtaista varata mainostilat<\/strong>. Lehden painosm\u00e4\u00e4r\u00e4 on 700-800 kpl ja halvat hintamme ilmenev\u00e4t mediakortista, joka on liitteen\u00e4 ja l\u00f6ytyy my\u00f6s kyl\u00e4n sivustolla olevasta artikkelista <a href=\"http:\/\/www.nokiankylat.fi\/taivalkunta\/uutiset\/\">www.nokiankylat.fi\/taivalkunta\/uutiset\/<\/a> \u00a0Mahdollisena palveluntarjoajana sinun kannattaa mainostaa my\u00f6s paikallisesti.<\/p>\n<p>Jos olet k\u00e4ynyt kyl\u00e4n koulua, niin <strong>toivomme sinun kirjoittavan pienen tarinan<\/strong> jostain\/joistain koulumuistoistasi. Lehdest\u00e4 tehd\u00e4\u00e4n asioihin positiivisesti suhtautuva, joten \u00e4l\u00e4 kirjoita tunnepitoisesti lopetusuhasta, vaan omakohtainen muistosi jostain kouluajan tapahtumasta. Tarinan maksimipituus on 1500 merkki\u00e4 ja juttusi tarvitaan 15.4. menness\u00e4. Laita tarinasi tulemaan ja jos haluat tarkempaa tietoa, niin muista ottaa rohkeasti yhteytt\u00e4.<\/p>\n<p>Lehteen on jo valmiina jutut molempien koulujen historiasta ja profiloitumisesta. Paljon muutakin teksti\u00e4 on jo ty\u00f6n alla. Koululaisilta tulee oma panostuksensa julkaisun sis\u00e4lt\u00f6\u00f6n. Lehti tullaan jakamaan kylien jokaiseen talouteen ilmaisjakeluna ja lis\u00e4ksi sen saavat koululaiset muistoksi.<\/p>\n<p><strong>Kyl\u00e4yhdistyksen kev\u00e4tkokous<\/strong><\/p>\n<p>Muistutuksena, ett\u00e4 Taivalkunnan kyl\u00e4t ry:n <strong>kev\u00e4tkokous pidet\u00e4\u00e4n 21.3. kello 18.30<\/strong> kyl\u00e4mme koululla. Hallituksen ehdotus toimintakertomukseksi l\u00f6ytyy kyl\u00e4n sivustolta <a href=\"http:\/\/www.nokiankylat.fi\/taivalkunta\/yhdistykset\/taivalkunnan-kylat-ry\/toimintakertomus-2023\/\">www.nokiankylat.fi\/taivalkunta\/yhdistykset\/taivalkunnan-kylat-ry\/toimintakertomus-2023\/<\/a><\/p>\n<p><strong>N\u00e4it\u00e4 tulossa<\/strong><\/p>\n<p>* Taivalkunnan kyl\u00e4n kev\u00e4tkarkelot pidet\u00e4\u00e4n Taivalkunnan koululla to 23.5. klo 17.30 alkaen.<\/p>\n<p>Kev\u00e4tkarkeloissa letun ja makkaran paistoa, arpajaisia sek\u00e4 mukavia erilaisia pihakisailuja<\/p>\n<p>* Suunnitelmissa on j\u00e4rjest\u00e4\u00e4 kyl\u00e4n yhteinen tanssimatka kes\u00e4ll\u00e4 jollekin Tomin keikalle. Ajankohta ja lis\u00e4tiedot p\u00e4ivitet\u00e4\u00e4n my\u00f6hemmin<\/p>\n<p>* Kyl\u00e4n yhteiset Sadonkorjuu-juhlat tulossa my\u00f6s alkusyksyyn. Ajankohta ja lis\u00e4tiedot p\u00e4ivitet\u00e4\u00e4n<\/p>\n<p>my\u00f6hemmin<\/p>\n<p>*Ja ehk\u00e4 jotain muuta mukavaa my\u00f6s luvassa. Kyl\u00e4kirjeess\u00e4 ja somessa tiedotellaan lis\u00e4\u00e4!<\/p>\n<p><a href=\"https:\/\/www.nokiankylat.fi\/taivalkunta\/wp-content\/uploads\/sites\/11\/2024\/03\/MEDIAKORTTI.jpeg\"><img loading=\"lazy\" decoding=\"async\" class=\"alignnone size-medium wp-image-4647\" src=\"https:\/\/www.nokiankylat.fi\/taivalkunta\/wp-content\/uploads\/sites\/11\/2024\/03\/MEDIAKORTTI-212x300.jpeg\" alt=\"\" width=\"212\" height=\"300\" srcset=\"https:\/\/www.nokiankylat.fi\/taivalkunta\/wp-content\/uploads\/sites\/11\/2024\/03\/MEDIAKORTTI-212x300.jpeg 212w, https:\/\/www.nokiankylat.fi\/taivalkunta\/wp-content\/uploads\/sites\/11\/2024\/03\/MEDIAKORTTI-724x1024.jpeg 724w, https:\/\/www.nokiankylat.fi\/taivalkunta\/wp-content\/uploads\/sites\/11\/2024\/03\/MEDIAKORTTI-768x1086.jpeg 768w, https:\/\/www.nokiankylat.fi\/taivalkunta\/wp-content\/uploads\/sites\/11\/2024\/03\/MEDIAKORTTI-1087x1536.jpeg 1087w, https:\/\/www.nokiankylat.fi\/taivalkunta\/wp-content\/uploads\/sites\/11\/2024\/03\/MEDIAKORTTI.jpeg 1132w\" sizes=\"auto, (max-width: 212px) 100vw, 212px\" \/><\/a><\/p>\n<p>&nbsp;<\/p>\n<p>Yhteisty\u00f6terveisin Olli Sorva<\/p>\n","protected":false},"excerpt":{"rendered":"<p>Kyl\u00e4kirje 19-3-2024 Kyl\u00e4lehti ilmestyy toukokuun lopulla Sarkola-Taivalkunta tekee yhteisen, vahvasti kouluasiapainotteisen, kyl\u00e4lehden. Lehden teko on jo hyv\u00e4ss\u00e4 vauhdissa ja nyt on ajankohtaista varata mainostilat. Lehden painosm\u00e4\u00e4r\u00e4 on 700-800 kpl ja halvat hintamme ilmenev\u00e4t mediakortista, joka on liitteen\u00e4 ja l\u00f6ytyy my\u00f6s kyl\u00e4n sivustolla olevasta artikkelista www.nokiankylat.fi\/taivalkunta\/uutiset\/ \u00a0Mahdollisena palveluntarjoajana sinun kannattaa mainostaa my\u00f6s paikallisesti. Jos olet k\u00e4ynyt &hellip; <a href=\"https:\/\/www.nokiankylat.fi\/taivalkunta\/yhdistykset\/taivalkunnan-kylat-ry\/kylayhdistyksen-arkisto\/kylakirjeet\/kylakirjeet-2024\/kylakirje-19-3-2024\/\">Jatkuu<\/a><\/p>\n","protected":false},"author":4,"featured_media":0,"parent":4570,"menu_order":0,"comment_status":"closed","ping_status":"closed","template":"","meta":{"_acf_changed":false,"footnotes":""},"class_list":["post-4653","page","type-page","status-publish","hentry"],"acf":[],"_links":{"self":[{"href":"https:\/\/www.nokiankylat.fi\/taivalkunta\/wp-json\/wp\/v2\/pages\/4653","targetHints":{"allow":["GET"]}}],"collection":[{"href":"https:\/\/www.nokiankylat.fi\/taivalkunta\/wp-json\/wp\/v2\/pages"}],"about":[{"href":"https:\/\/www.nokiankylat.fi\/taivalkunta\/wp-json\/wp\/v2\/types\/page"}],"author":[{"embeddable":true,"href":"https:\/\/www.nokiankylat.fi\/taivalkunta\/wp-json\/wp\/v2\/users\/4"}],"replies":[{"embeddable":true,"href":"https:\/\/www.nokiankylat.fi\/taivalkunta\/wp-json\/wp\/v2\/comments?post=4653"}],"version-history":[{"count":5,"href":"https:\/\/www.nokiankylat.fi\/taivalkunta\/wp-json\/wp\/v2\/pages\/4653\/revisions"}],"predecessor-version":[{"id":4659,"href":"https:\/\/www.nokiankylat.fi\/taivalkunta\/wp-json\/wp\/v2\/pages\/4653\/revisions\/4659"}],"up":[{"embeddable":true,"href":"https:\/\/www.nokiankylat.fi\/taivalkunta\/wp-json\/wp\/v2\/pages\/4570"}],"wp:attachment":[{"href":"https:\/\/www.nokiankylat.fi\/taivalkunta\/wp-json\/wp\/v2\/media?parent=4653"}],"curies":[{"name":"wp","href":"https:\/\/api.w.org\/{rel}","templated":true}]}}