{"id":4667,"date":"2024-04-02T14:04:24","date_gmt":"2024-04-02T11:04:24","guid":{"rendered":"https:\/\/www.nokiankylat.fi\/taivalkunta\/?page_id=4667"},"modified":"2024-04-02T14:20:03","modified_gmt":"2024-04-02T11:20:03","slug":"kylakirje-2-4-2024","status":"publish","type":"page","link":"https:\/\/www.nokiankylat.fi\/taivalkunta\/yhdistykset\/taivalkunnan-kylat-ry\/kylayhdistyksen-arkisto\/kylakirjeet\/kylakirjeet-2024\/kylakirje-2-4-2024\/","title":{"rendered":"Kyl\u00e4kirje 2-4-2024"},"content":{"rendered":"<p><strong>Kyl\u00e4kirje 2-4-2024<\/strong><\/p>\n<p><strong>Sarkola-Taivalkunta<\/strong> tekee kouluasiapainotteisen kyl\u00e4lehden. Lehden aineisto alkaa muuten olla koossa, mutta <strong>koulumuisteloita viel\u00e4 kaivattaisiin<\/strong>.<\/p>\n<p>Jos olet k\u00e4ynyt kyl\u00e4n koulua, niin toivomme sinun kirjoittavan pienen tarinan jostain kouluun liittyv\u00e4st\u00e4 muistostasi. \u00c4l\u00e4 kirjoita tunnepitoisesti lopetusuhasta, vaan omakohtainen muistosi jostain kouluajan tapahtumasta. Tarinan maksimipituus on n. 1500 merkki\u00e4 ja <strong>juttusi tarvitaan 15.4.<\/strong> <strong>menness\u00e4<\/strong><strong>. <\/strong>Laita tarinasi tulemaan ja jos haluat tarkempaa tietoa, niin muista ottaa rohkeasti yhteytt\u00e4.<\/p>\n<p><strong><u>Yritt\u00e4jille huomioksi!<\/u><\/strong> Lehteen tulee luettelo <strong>kyl\u00e4n palveluntarjoajista<\/strong>, joten toimita yrityksesi yhteystiedot julkaisua varten. Sinun kannattaa my\u00f6s mainostaa paikallisjulkaisussa. <strong>Toimi heti<\/strong> ja varaa mainostila, niin ehdit viel\u00e4 mukaan. Lehden painosm\u00e4\u00e4r\u00e4 on 700-800 kpl ja halvat ilmoitushinnat n\u00e4et mediakortista, joka l\u00f6ytyy kyl\u00e4n sivustolla olevasta artikkelista <a href=\"http:\/\/www.nokiankylat.fi\/taivalkunta\/uutiset\/\">www.nokiankylat.fi\/taivalkunta\/uutiset\/<\/a>.<\/p>\n<p>Toisinaan kyl\u00e4l\u00e4iset kyselev\u00e4t minultakin paikallisia palveluita, klapien myyj\u00e4\u00e4 ja mist\u00e4 saisi rankoja polttopuun tekoa varten, jne., kaikkea mahdollista. Jos pystyt vastaamaan n\u00e4ihin tarpeisiin, niin laita tietoa tulemaan. Joskus yhteydenottoja eri aloilta saan kyl\u00e4n ulkopuoleltakin, joten ilmoita olemassaolostasi. Olethan tietoinen, ett\u00e4 halutessasi <strong>saan palvelusi n\u00e4kyviin my\u00f6s kyl\u00e4mme nettisivustolle<\/strong> veloituksetta. Eli laitan ne t\u00e4nne <a href=\"http:\/\/www.nokiankylat.fi\/taivalkunta\/palvelut\/\">www.nokiankylat.fi\/taivalkunta\/palvelut\/<\/a> . K\u00e4y tarkistamassa tietosi.<\/p>\n<p>&nbsp;<\/p>\n<p><strong>Muistathan, ett\u00e4 j<\/strong><strong>\u00e4senmaksun 2024<\/strong>, viisi (5) euroa\/j\u00e4sen, toivotaan maksettavan huhtikuun aikana oheisella pankkisiirrolla (l\u00f6ytyy aiemmasta kyl\u00e4kirjeest\u00e4 <a href=\"http:\/\/www.nokiankylat.fi\/taivalkunta\/wp-content\/uploads\/sites\/11\/2024\/03\/KUTSU-KEVATKOKOUKSEEN-kylat-ry.pdf\">www.nokiankylat.fi\/taivalkunta\/wp-content\/uploads\/sites\/11\/2024\/03\/KUTSU-KEVATKOKOUKSEEN-kylat-ry.pdf<\/a> ) tai verkkopankissa:<\/p>\n<p>&#8211; nimell\u00e4: Taivalkunnan kyl\u00e4t ry<\/p>\n<p>&#8211; tilille: FI31 5730 0821 3461 25<\/p>\n<p>&#8211; viesti: j\u00e4senten nimet (kts. pankkisiirto)<\/p>\n<p>Jokaisella 15 vuotta t\u00e4ytt\u00e4neell\u00e4 j\u00e4senell\u00e4 on yhdistyksen kokouksissa \u00e4\u00e4nioikeus. J\u00e4senyys on henkil\u00f6kohtainen. Kun maksat j\u00e4senmaksua, niin muista laittaa j\u00e4senten nimet. My\u00f6s alle 15-vuotiaat voivat olla j\u00e4senin\u00e4 ja heist\u00e4 emme peri j\u00e4senmaksua.<\/p>\n<p><strong>Jos huomaat kyl\u00e4mme sivustolla virheellist\u00e4<\/strong> tai puuttuvaa tietoa, niin ole yhteydess\u00e4 ja korjaan asian.<\/p>\n<p>Yhteisty\u00f6terveisin Olli Sorva<\/p>\n<p><a href=\"https:\/\/www.nokiankylat.fi\/taivalkunta\/wp-content\/uploads\/sites\/11\/2024\/03\/MEDIAKORTTI.jpeg\"><img loading=\"lazy\" decoding=\"async\" class=\"alignnone size-medium wp-image-4647\" src=\"https:\/\/www.nokiankylat.fi\/taivalkunta\/wp-content\/uploads\/sites\/11\/2024\/03\/MEDIAKORTTI-212x300.jpeg\" alt=\"\" width=\"212\" height=\"300\" srcset=\"https:\/\/www.nokiankylat.fi\/taivalkunta\/wp-content\/uploads\/sites\/11\/2024\/03\/MEDIAKORTTI-212x300.jpeg 212w, https:\/\/www.nokiankylat.fi\/taivalkunta\/wp-content\/uploads\/sites\/11\/2024\/03\/MEDIAKORTTI-724x1024.jpeg 724w, https:\/\/www.nokiankylat.fi\/taivalkunta\/wp-content\/uploads\/sites\/11\/2024\/03\/MEDIAKORTTI-768x1086.jpeg 768w, https:\/\/www.nokiankylat.fi\/taivalkunta\/wp-content\/uploads\/sites\/11\/2024\/03\/MEDIAKORTTI-1087x1536.jpeg 1087w, https:\/\/www.nokiankylat.fi\/taivalkunta\/wp-content\/uploads\/sites\/11\/2024\/03\/MEDIAKORTTI.jpeg 1132w\" sizes=\"auto, (max-width: 212px) 100vw, 212px\" \/><\/a><\/p>\n","protected":false},"excerpt":{"rendered":"<p>Kyl\u00e4kirje 2-4-2024 Sarkola-Taivalkunta tekee kouluasiapainotteisen kyl\u00e4lehden. Lehden aineisto alkaa muuten olla koossa, mutta koulumuisteloita viel\u00e4 kaivattaisiin. Jos olet k\u00e4ynyt kyl\u00e4n koulua, niin toivomme sinun kirjoittavan pienen tarinan jostain kouluun liittyv\u00e4st\u00e4 muistostasi. \u00c4l\u00e4 kirjoita tunnepitoisesti lopetusuhasta, vaan omakohtainen muistosi jostain kouluajan tapahtumasta. Tarinan maksimipituus on n. 1500 merkki\u00e4 ja juttusi tarvitaan 15.4. menness\u00e4. Laita tarinasi tulemaan &hellip; <a href=\"https:\/\/www.nokiankylat.fi\/taivalkunta\/yhdistykset\/taivalkunnan-kylat-ry\/kylayhdistyksen-arkisto\/kylakirjeet\/kylakirjeet-2024\/kylakirje-2-4-2024\/\">Jatkuu<\/a><\/p>\n","protected":false},"author":4,"featured_media":0,"parent":4570,"menu_order":0,"comment_status":"closed","ping_status":"closed","template":"","meta":{"_acf_changed":false,"footnotes":""},"class_list":["post-4667","page","type-page","status-publish","hentry"],"acf":[],"_links":{"self":[{"href":"https:\/\/www.nokiankylat.fi\/taivalkunta\/wp-json\/wp\/v2\/pages\/4667","targetHints":{"allow":["GET"]}}],"collection":[{"href":"https:\/\/www.nokiankylat.fi\/taivalkunta\/wp-json\/wp\/v2\/pages"}],"about":[{"href":"https:\/\/www.nokiankylat.fi\/taivalkunta\/wp-json\/wp\/v2\/types\/page"}],"author":[{"embeddable":true,"href":"https:\/\/www.nokiankylat.fi\/taivalkunta\/wp-json\/wp\/v2\/users\/4"}],"replies":[{"embeddable":true,"href":"https:\/\/www.nokiankylat.fi\/taivalkunta\/wp-json\/wp\/v2\/comments?post=4667"}],"version-history":[{"count":6,"href":"https:\/\/www.nokiankylat.fi\/taivalkunta\/wp-json\/wp\/v2\/pages\/4667\/revisions"}],"predecessor-version":[{"id":4674,"href":"https:\/\/www.nokiankylat.fi\/taivalkunta\/wp-json\/wp\/v2\/pages\/4667\/revisions\/4674"}],"up":[{"embeddable":true,"href":"https:\/\/www.nokiankylat.fi\/taivalkunta\/wp-json\/wp\/v2\/pages\/4570"}],"wp:attachment":[{"href":"https:\/\/www.nokiankylat.fi\/taivalkunta\/wp-json\/wp\/v2\/media?parent=4667"}],"curies":[{"name":"wp","href":"https:\/\/api.w.org\/{rel}","templated":true}]}}