{"id":4676,"date":"2024-04-17T12:20:44","date_gmt":"2024-04-17T09:20:44","guid":{"rendered":"https:\/\/www.nokiankylat.fi\/taivalkunta\/?page_id=4676"},"modified":"2024-04-17T12:20:44","modified_gmt":"2024-04-17T09:20:44","slug":"kylakirje-17-4-2024","status":"publish","type":"page","link":"https:\/\/www.nokiankylat.fi\/taivalkunta\/yhdistykset\/taivalkunnan-kylat-ry\/kylayhdistyksen-arkisto\/kylakirjeet\/kylakirjeet-2024\/kylakirje-17-4-2024\/","title":{"rendered":"Kyl\u00e4kirje 17-4-2024"},"content":{"rendered":"<p>Viimeinen Taivalkunnan koulun j\u00e4rjest\u00e4m\u00e4 kyl\u00e4kahvila on maanantaina 29.4. klo 18-19. Tule poikkeamaan hyville kahveille ja luvassa on maukkaita kastettaviakin. Vuosien mittaan kyl\u00e4kahvila on koululla ollut avoinna monena p\u00e4iv\u00e4n\u00e4 ja nyt siis <strong>oppilaat pit\u00e4v\u00e4t iltakahvilaa. <\/strong><\/p>\n<p>Tulethan viihtym\u00e4\u00e4n ja tapaamaan koululaisia ja muita kyl\u00e4henkisi\u00e4. Tuo yst\u00e4v\u00e4si tullessasi.<\/p>\n<p><a href=\"https:\/\/www.nokiankylat.fi\/taivalkunta\/wp-content\/uploads\/sites\/11\/2024\/04\/Kylakahvila_mainos_2024-04-08.png\"><img loading=\"lazy\" decoding=\"async\" class=\"alignnone size-medium wp-image-4677\" src=\"https:\/\/www.nokiankylat.fi\/taivalkunta\/wp-content\/uploads\/sites\/11\/2024\/04\/Kylakahvila_mainos_2024-04-08-300x222.png\" alt=\"\" width=\"300\" height=\"222\" srcset=\"https:\/\/www.nokiankylat.fi\/taivalkunta\/wp-content\/uploads\/sites\/11\/2024\/04\/Kylakahvila_mainos_2024-04-08-300x222.png 300w, https:\/\/www.nokiankylat.fi\/taivalkunta\/wp-content\/uploads\/sites\/11\/2024\/04\/Kylakahvila_mainos_2024-04-08-768x569.png 768w, https:\/\/www.nokiankylat.fi\/taivalkunta\/wp-content\/uploads\/sites\/11\/2024\/04\/Kylakahvila_mainos_2024-04-08.png 835w\" sizes=\"auto, (max-width: 300px) 100vw, 300px\" \/><\/a><\/p>\n","protected":false},"excerpt":{"rendered":"<p>Viimeinen Taivalkunnan koulun j\u00e4rjest\u00e4m\u00e4 kyl\u00e4kahvila on maanantaina 29.4. klo 18-19. Tule poikkeamaan hyville kahveille ja luvassa on maukkaita kastettaviakin. Vuosien mittaan kyl\u00e4kahvila on koululla ollut avoinna monena p\u00e4iv\u00e4n\u00e4 ja nyt siis oppilaat pit\u00e4v\u00e4t iltakahvilaa. Tulethan viihtym\u00e4\u00e4n ja tapaamaan koululaisia ja muita kyl\u00e4henkisi\u00e4. Tuo yst\u00e4v\u00e4si tullessasi.<\/p>\n","protected":false},"author":4,"featured_media":0,"parent":4570,"menu_order":0,"comment_status":"closed","ping_status":"closed","template":"","meta":{"_acf_changed":false,"footnotes":""},"class_list":["post-4676","page","type-page","status-publish","hentry"],"acf":[],"_links":{"self":[{"href":"https:\/\/www.nokiankylat.fi\/taivalkunta\/wp-json\/wp\/v2\/pages\/4676","targetHints":{"allow":["GET"]}}],"collection":[{"href":"https:\/\/www.nokiankylat.fi\/taivalkunta\/wp-json\/wp\/v2\/pages"}],"about":[{"href":"https:\/\/www.nokiankylat.fi\/taivalkunta\/wp-json\/wp\/v2\/types\/page"}],"author":[{"embeddable":true,"href":"https:\/\/www.nokiankylat.fi\/taivalkunta\/wp-json\/wp\/v2\/users\/4"}],"replies":[{"embeddable":true,"href":"https:\/\/www.nokiankylat.fi\/taivalkunta\/wp-json\/wp\/v2\/comments?post=4676"}],"version-history":[{"count":2,"href":"https:\/\/www.nokiankylat.fi\/taivalkunta\/wp-json\/wp\/v2\/pages\/4676\/revisions"}],"predecessor-version":[{"id":4679,"href":"https:\/\/www.nokiankylat.fi\/taivalkunta\/wp-json\/wp\/v2\/pages\/4676\/revisions\/4679"}],"up":[{"embeddable":true,"href":"https:\/\/www.nokiankylat.fi\/taivalkunta\/wp-json\/wp\/v2\/pages\/4570"}],"wp:attachment":[{"href":"https:\/\/www.nokiankylat.fi\/taivalkunta\/wp-json\/wp\/v2\/media?parent=4676"}],"curies":[{"name":"wp","href":"https:\/\/api.w.org\/{rel}","templated":true}]}}