{"id":4690,"date":"2024-05-31T18:08:13","date_gmt":"2024-05-31T15:08:13","guid":{"rendered":"https:\/\/www.nokiankylat.fi\/taivalkunta\/?page_id=4690"},"modified":"2024-05-31T18:56:29","modified_gmt":"2024-05-31T15:56:29","slug":"nokian-palvelukoiraharrastajat-jarjestaa","status":"publish","type":"page","link":"https:\/\/www.nokiankylat.fi\/taivalkunta\/yhdistykset\/taivalkunnan-kylat-ry\/kylayhdistyksen-arkisto\/kylakirjeet\/kylakirjeet-2024\/nokian-palvelukoiraharrastajat-jarjestaa\/","title":{"rendered":"Kyl\u00e4kirje 31-5-2024, Nokian Palvelukoiraharrastajat j\u00e4rjest\u00e4\u00e4"},"content":{"rendered":"<p>Tule katsomaan tai osallistumaan.<\/p>\n<p>On aika p\u00f6llytt\u00e4\u00e4 hiekkaa ja nostaa kyl\u00e4kisat uuteen arvoon! Tervetuloa Nokian Taivalkuntaan virallisiin agilitykisoihin 8.6 klo 9 alkaen ja kisat p\u00e4\u00e4ttyy 9.6 klo18. Tarjolla on rentoa kisatunnelmaa kaikille tasoluokille. Aikataulu tarkentuu ilmoittautumisen p\u00e4\u00e4tytty\u00e4 2.6.<\/p>\n<p>Ja kyl\u00e4kisathan eiv\u00e4t olisi mit\u00e4\u00e4n ilman kahveeta. Kanttiini auki aamusta iltaan herkkuja ja ev\u00e4st\u00e4 notkuen. Maksuna k\u00e4y k\u00e4teinen ja kortti.<\/p>\n<p>Kisat j\u00e4rjestet\u00e4\u00e4n Nokian Palveluskoiraharrastajien majalla osoitteessa <strong>Konstintie 20<\/strong>, Nokia. Kentt\u00e4 on hiekkapohjainen.<\/p>\n<p>Molempina p\u00e4ivin\u00e4 tarjolla on yksi agilityrata ja kaksi hyppyrataa. Lauantaina kilpailevat ykk\u00f6set ja kolmoset Johanna W\u00fcthrichin tuomaroimilla radoilla ja sunnuntaina kakkoset ja kolmoset Marjo Heinon tuomaroimilla radoilla.<\/p>\n<p><strong>Tapahtumaan on aivan vapaa p\u00e4\u00e4sy<\/strong> ja koirien katsomisen lis\u00e4ksi voi tulla ostamaan kanttiinin herkullisia tarjottavia.<\/p>\n<p>Tarkempaa tietoa l\u00f6ytyy t\u00e4\u00e4lt\u00e4: <a href=\"https:\/\/www.facebook.com\/events\/1150421482631927\/\">NPKH Agility esitt\u00e4\u00e4: Kyl\u00e4kisojen kuudes | Facebook<\/a><\/p>\n","protected":false},"excerpt":{"rendered":"<p>Tule katsomaan tai osallistumaan. On aika p\u00f6llytt\u00e4\u00e4 hiekkaa ja nostaa kyl\u00e4kisat uuteen arvoon! Tervetuloa Nokian Taivalkuntaan virallisiin agilitykisoihin 8.6 klo 9 alkaen ja kisat p\u00e4\u00e4ttyy 9.6 klo18. Tarjolla on rentoa kisatunnelmaa kaikille tasoluokille. Aikataulu tarkentuu ilmoittautumisen p\u00e4\u00e4tytty\u00e4 2.6. Ja kyl\u00e4kisathan eiv\u00e4t olisi mit\u00e4\u00e4n ilman kahveeta. Kanttiini auki aamusta iltaan herkkuja ja ev\u00e4st\u00e4 notkuen. Maksuna k\u00e4y &hellip; <a href=\"https:\/\/www.nokiankylat.fi\/taivalkunta\/yhdistykset\/taivalkunnan-kylat-ry\/kylayhdistyksen-arkisto\/kylakirjeet\/kylakirjeet-2024\/nokian-palvelukoiraharrastajat-jarjestaa\/\">Jatkuu<\/a><\/p>\n","protected":false},"author":4,"featured_media":0,"parent":4570,"menu_order":0,"comment_status":"closed","ping_status":"closed","template":"","meta":{"_acf_changed":false,"footnotes":""},"class_list":["post-4690","page","type-page","status-publish","hentry"],"acf":[],"_links":{"self":[{"href":"https:\/\/www.nokiankylat.fi\/taivalkunta\/wp-json\/wp\/v2\/pages\/4690","targetHints":{"allow":["GET"]}}],"collection":[{"href":"https:\/\/www.nokiankylat.fi\/taivalkunta\/wp-json\/wp\/v2\/pages"}],"about":[{"href":"https:\/\/www.nokiankylat.fi\/taivalkunta\/wp-json\/wp\/v2\/types\/page"}],"author":[{"embeddable":true,"href":"https:\/\/www.nokiankylat.fi\/taivalkunta\/wp-json\/wp\/v2\/users\/4"}],"replies":[{"embeddable":true,"href":"https:\/\/www.nokiankylat.fi\/taivalkunta\/wp-json\/wp\/v2\/comments?post=4690"}],"version-history":[{"count":3,"href":"https:\/\/www.nokiankylat.fi\/taivalkunta\/wp-json\/wp\/v2\/pages\/4690\/revisions"}],"predecessor-version":[{"id":4698,"href":"https:\/\/www.nokiankylat.fi\/taivalkunta\/wp-json\/wp\/v2\/pages\/4690\/revisions\/4698"}],"up":[{"embeddable":true,"href":"https:\/\/www.nokiankylat.fi\/taivalkunta\/wp-json\/wp\/v2\/pages\/4570"}],"wp:attachment":[{"href":"https:\/\/www.nokiankylat.fi\/taivalkunta\/wp-json\/wp\/v2\/media?parent=4690"}],"curies":[{"name":"wp","href":"https:\/\/api.w.org\/{rel}","templated":true}]}}