{"id":5010,"date":"2025-07-29T17:31:32","date_gmt":"2025-07-29T14:31:32","guid":{"rendered":"https:\/\/www.nokiankylat.fi\/taivalkunta\/?page_id=5010"},"modified":"2025-07-29T17:32:37","modified_gmt":"2025-07-29T14:32:37","slug":"kylakirje-29-7-2025","status":"publish","type":"page","link":"https:\/\/www.nokiankylat.fi\/taivalkunta\/yhdistykset\/taivalkunnan-kylat-ry\/kylakirjeet-2025\/kylakirje-29-7-2025\/","title":{"rendered":"Kyl\u00e4kirje 29-7-2025"},"content":{"rendered":"<div>\n<p class=\"x_MsoNormal\" aria-hidden=\"true\"><span style=\"font-family: inherit;font-size: 0.875rem\">KYL\u00c4KOULUMME TARVITSEE LIS\u00c4\u00c4 TOIMINTAA JA TAPAHTUMIA!<\/span><\/p>\n<\/div>\n<p class=\"x_MsoNormal\">Tervetuloa kehitt\u00e4m\u00e4\u00e4n kyl\u00e4ntoimintaa.<\/p>\n<p class=\"x_MsoNormal\">Meill\u00e4 kyl\u00e4l\u00e4isill\u00e4 on yh\u00e4 koulun tilat k\u00e4yt\u00f6ss\u00e4mme ja ideoita toimintaan on jo runsaasti. Kyl\u00e4yhteis\u00f6 kaipaa lis\u00e4\u00e4 k\u00e4si\u00e4 toteuttamaan erilaisia tapahtumia ja toimintaa koululle. Taivalkunnan kyl\u00e4yhdistys ei yksin pysty j\u00e4rjest\u00e4m\u00e4\u00e4n t\u00e4t\u00e4 kaikkea.<\/p>\n<p class=\"x_MsoNormal\">Tulethan siis torstaina 31.7. klo 18.45 koululle, jos haluat olla mukana tuomassa uutta eloa koululle. Jos et p\u00e4\u00e4se paikalle torstaina, niin voit ilmoittaa minulle kiinnostuksestasi\u00a0asiaa\u00a0kohtaan.<\/p>\n<p class=\"x_MsoNormal\">Terveisin<\/p>\n<p class=\"x_MsoNormal\">Kyl\u00e4yhdistys.<\/p>\n<p><a href=\"https:\/\/www.nokiankylat.fi\/taivalkunta\/wp-content\/uploads\/sites\/11\/2025\/07\/Koulun-kehittamisideointi-04-2025.pdf\">Koulun kehitt\u00e4misideointi 04 2025<\/a><\/p>\n<p class=\"x_MsoNormal\" aria-hidden=\"true\">\n","protected":false},"excerpt":{"rendered":"<p>KYL\u00c4KOULUMME TARVITSEE LIS\u00c4\u00c4 TOIMINTAA JA TAPAHTUMIA! Tervetuloa kehitt\u00e4m\u00e4\u00e4n kyl\u00e4ntoimintaa. Meill\u00e4 kyl\u00e4l\u00e4isill\u00e4 on yh\u00e4 koulun tilat k\u00e4yt\u00f6ss\u00e4mme ja ideoita toimintaan on jo runsaasti. Kyl\u00e4yhteis\u00f6 kaipaa lis\u00e4\u00e4 k\u00e4si\u00e4 toteuttamaan erilaisia tapahtumia ja toimintaa koululle. Taivalkunnan kyl\u00e4yhdistys ei yksin pysty j\u00e4rjest\u00e4m\u00e4\u00e4n t\u00e4t\u00e4 kaikkea. Tulethan siis torstaina 31.7. klo 18.45 koululle, jos haluat olla mukana tuomassa uutta eloa koululle. &hellip; <a href=\"https:\/\/www.nokiankylat.fi\/taivalkunta\/yhdistykset\/taivalkunnan-kylat-ry\/kylakirjeet-2025\/kylakirje-29-7-2025\/\">Jatkuu<\/a><\/p>\n","protected":false},"author":4,"featured_media":0,"parent":4965,"menu_order":0,"comment_status":"closed","ping_status":"closed","template":"","meta":{"_acf_changed":false,"footnotes":""},"class_list":["post-5010","page","type-page","status-publish","hentry"],"acf":[],"_links":{"self":[{"href":"https:\/\/www.nokiankylat.fi\/taivalkunta\/wp-json\/wp\/v2\/pages\/5010","targetHints":{"allow":["GET"]}}],"collection":[{"href":"https:\/\/www.nokiankylat.fi\/taivalkunta\/wp-json\/wp\/v2\/pages"}],"about":[{"href":"https:\/\/www.nokiankylat.fi\/taivalkunta\/wp-json\/wp\/v2\/types\/page"}],"author":[{"embeddable":true,"href":"https:\/\/www.nokiankylat.fi\/taivalkunta\/wp-json\/wp\/v2\/users\/4"}],"replies":[{"embeddable":true,"href":"https:\/\/www.nokiankylat.fi\/taivalkunta\/wp-json\/wp\/v2\/comments?post=5010"}],"version-history":[{"count":2,"href":"https:\/\/www.nokiankylat.fi\/taivalkunta\/wp-json\/wp\/v2\/pages\/5010\/revisions"}],"predecessor-version":[{"id":5013,"href":"https:\/\/www.nokiankylat.fi\/taivalkunta\/wp-json\/wp\/v2\/pages\/5010\/revisions\/5013"}],"up":[{"embeddable":true,"href":"https:\/\/www.nokiankylat.fi\/taivalkunta\/wp-json\/wp\/v2\/pages\/4965"}],"wp:attachment":[{"href":"https:\/\/www.nokiankylat.fi\/taivalkunta\/wp-json\/wp\/v2\/media?parent=5010"}],"curies":[{"name":"wp","href":"https:\/\/api.w.org\/{rel}","templated":true}]}}