{"id":5024,"date":"2025-08-14T15:42:42","date_gmt":"2025-08-14T12:42:42","guid":{"rendered":"https:\/\/www.nokiankylat.fi\/taivalkunta\/?page_id=5024"},"modified":"2025-08-14T15:57:36","modified_gmt":"2025-08-14T12:57:36","slug":"kylakirje-14-8-2025","status":"publish","type":"page","link":"https:\/\/www.nokiankylat.fi\/taivalkunta\/yhdistykset\/taivalkunnan-kylat-ry\/kylakirjeet-2025\/kylakirje-14-8-2025\/","title":{"rendered":"Kyl\u00e4kirje 14-8-2025"},"content":{"rendered":"<p><strong>Koulu her\u00e4tet\u00e4\u00e4n henkiin kyl\u00e4l\u00e4isten yhteisvoimin!<\/strong> Toiveita on ollut mm. harrastusryhmist\u00e4, eri ik\u00e4isten tapaamisista sek\u00e4 kahvilatoiminnasta. <strong>Kohtaamispaikka on\u00a0kaikille avoin<\/strong>, viikoittainen hetki, johon voit tulla piipahtamaan kahville tai vaihtuvien teemojen \u00e4\u00e4relle. <strong>Avajaiset vietet\u00e4\u00e4n sunnuntaina 24.8. klo 12-16.<\/strong> Tapahtuma on kaikille avoin ja\u00a0maksuton.<\/p>\n<p><strong>Vilttikirppis &#8211; Tule tekem\u00e4\u00e4n l\u00f6yt\u00f6j\u00e4<\/strong><br \/>\nKes\u00e4n lopussa on hyv\u00e4 hetki myll\u00e4t\u00e4 vaatekaapit ja pihavarastot itselle turhasta tavarasta. Tapahtumassa\u00a0voit myyd\u00e4 vanhat tavarasi uuden omistajan aarteiksi. Mukaan kannattaa ottaa oma viltti\/rekki sek\u00e4\u00a0vaihtorahaa. Kirppismyyj\u00e4t asettuvat koulun kent\u00e4lle, sateella 2. kerrokseen. <strong>Ilmoittaudu myyj\u00e4ksi 20.8.\u00a0menness\u00e4<\/strong> viestill\u00e4 numeroon 044 2908027.<\/p>\n<p><strong>Toiminnan ideointi<\/strong><br \/>\nAvajaiset ovat vasta kaiken pieni alkujyv\u00e4. Tapahtuman toivotaan her\u00e4tt\u00e4v\u00e4n aktiivista ideointia ja\u00a0osallistumista tulevan toiminnan toteutukseen. Paikka ja toiminta kaipaa my\u00f6s oman nimen, jota saa\u00a0ehdottaa tapahtumassa. Ehdotuksista pidet\u00e4\u00e4n some-\u00e4\u00e4nestys ja nimi julkaistaan seuraavalla kerralla 31.8.<\/p>\n<p><strong>Kyl\u00e4n oma kirjasto<\/strong><br \/>\nKoulun 2. kerrokseen luodaan pieni kirjasto, jossa voi heng\u00e4ht\u00e4\u00e4 monipuolisen lukemisen \u00e4\u00e4rell\u00e4 tai vied\u00e4\u00a0kirja kotiin luettavaksi. Kirjoja voi lainata ja vaihtaa aukioloaikoina <strong>sunnuntaisin klo 12-16.<\/strong><\/p>\n<p><strong>Lasten temppurata<\/strong><br \/>\nKoulun saliin rakennetaan lapsille oma temmellyskentt\u00e4. Lapset saavat leikki\u00e4 alueella oman aikuisen\u00a0vastuulla.<\/p>\n<p><strong>Kahvila<\/strong><br \/>\nKoulun ruokalassa on tarjolla kahvia, teet\u00e4, mehua sek\u00e4 makeita herkkuja. Maksu k\u00e4teisell\u00e4. Tuotot\u00a0menev\u00e4t Kohtaamispaikan toimintaan.<\/p>\n<p>Olet l\u00e4mpim\u00e4sti tervetullut! <strong>Toiminta jatkuu joka sunnuntai klo 12-16.<\/strong><br \/>\nTehd\u00e4\u00e4n kyl\u00e4st\u00e4 meid\u00e4n n\u00e4k\u00f6inen ja yhteinen kaikille nokialaisille.<\/p>\n<p>&nbsp;<\/p>\n<p><strong>Seuraa tapahtumaa somessa<\/strong>:<\/p>\n<p><a href=\"https:\/\/www.facebook.com\/events\/4015207515292748\">Facebook-tapahtuma<\/a><\/p>\n<p><a href=\"https:\/\/www.instagram.com\/taivalkunnanilmoitustaulu\/?hl=fi\">Taivalkunnan Instagram\u00a0<\/a><\/p>\n<p>Yhteisty\u00f6terveisin Olli Sorva<\/p>\n","protected":false},"excerpt":{"rendered":"<p>Koulu her\u00e4tet\u00e4\u00e4n henkiin kyl\u00e4l\u00e4isten yhteisvoimin! Toiveita on ollut mm. harrastusryhmist\u00e4, eri ik\u00e4isten tapaamisista sek\u00e4 kahvilatoiminnasta. Kohtaamispaikka on\u00a0kaikille avoin, viikoittainen hetki, johon voit tulla piipahtamaan kahville tai vaihtuvien teemojen \u00e4\u00e4relle. Avajaiset vietet\u00e4\u00e4n sunnuntaina 24.8. klo 12-16. Tapahtuma on kaikille avoin ja\u00a0maksuton. Vilttikirppis &#8211; Tule tekem\u00e4\u00e4n l\u00f6yt\u00f6j\u00e4 Kes\u00e4n lopussa on hyv\u00e4 hetki myll\u00e4t\u00e4 vaatekaapit ja pihavarastot itselle &hellip; <a href=\"https:\/\/www.nokiankylat.fi\/taivalkunta\/yhdistykset\/taivalkunnan-kylat-ry\/kylakirjeet-2025\/kylakirje-14-8-2025\/\">Jatkuu<\/a><\/p>\n","protected":false},"author":4,"featured_media":0,"parent":4965,"menu_order":0,"comment_status":"closed","ping_status":"closed","template":"","meta":{"_acf_changed":false,"footnotes":""},"class_list":["post-5024","page","type-page","status-publish","hentry"],"acf":[],"_links":{"self":[{"href":"https:\/\/www.nokiankylat.fi\/taivalkunta\/wp-json\/wp\/v2\/pages\/5024","targetHints":{"allow":["GET"]}}],"collection":[{"href":"https:\/\/www.nokiankylat.fi\/taivalkunta\/wp-json\/wp\/v2\/pages"}],"about":[{"href":"https:\/\/www.nokiankylat.fi\/taivalkunta\/wp-json\/wp\/v2\/types\/page"}],"author":[{"embeddable":true,"href":"https:\/\/www.nokiankylat.fi\/taivalkunta\/wp-json\/wp\/v2\/users\/4"}],"replies":[{"embeddable":true,"href":"https:\/\/www.nokiankylat.fi\/taivalkunta\/wp-json\/wp\/v2\/comments?post=5024"}],"version-history":[{"count":2,"href":"https:\/\/www.nokiankylat.fi\/taivalkunta\/wp-json\/wp\/v2\/pages\/5024\/revisions"}],"predecessor-version":[{"id":5026,"href":"https:\/\/www.nokiankylat.fi\/taivalkunta\/wp-json\/wp\/v2\/pages\/5024\/revisions\/5026"}],"up":[{"embeddable":true,"href":"https:\/\/www.nokiankylat.fi\/taivalkunta\/wp-json\/wp\/v2\/pages\/4965"}],"wp:attachment":[{"href":"https:\/\/www.nokiankylat.fi\/taivalkunta\/wp-json\/wp\/v2\/media?parent=5024"}],"curies":[{"name":"wp","href":"https:\/\/api.w.org\/{rel}","templated":true}]}}