{"id":5029,"date":"2025-10-28T16:28:18","date_gmt":"2025-10-28T14:28:18","guid":{"rendered":"https:\/\/www.nokiankylat.fi\/taivalkunta\/?page_id=5029"},"modified":"2025-10-28T16:28:18","modified_gmt":"2025-10-28T14:28:18","slug":"kylakirje-28-10-2025","status":"publish","type":"page","link":"https:\/\/www.nokiankylat.fi\/taivalkunta\/yhdistykset\/taivalkunnan-kylat-ry\/kylakirjeet-2025\/kylakirje-28-10-2025\/","title":{"rendered":"Kyl\u00e4kirje 28-10-2025"},"content":{"rendered":"<p><strong>Kevyenliikenteen v\u00e4yl\u00e4<\/strong><\/p>\n<p>Kohtahan tuon v\u00e4yl\u00e4n rakentaminen alkaa ja t\u00e4ss\u00e4 pieni tiivistelm\u00e4 asiasta.<\/p>\n<p>Pirkanmaan ELY-keskuksesta on ilmoitettu Maanmittauslaitokselle, ett\u00e4 Taivalkunnantien kevyen liikenteen v\u00e4yl\u00e4n rakentaminen on alkamassa syksyll\u00e4 2025.<\/p>\n<ul>\n<li>Kyse on maantien 2501 (Taivalkunnantie) parantamisesta rakentamalla jalankulku- ja py\u00f6r\u00e4ilyv\u00e4yl\u00e4 Taivalkunnantien varteen v\u00e4lille Pihtikorventie (Taivalkunnantie n. 486) &#8211; Taivalkunnantie n. 198, Nokia.<\/li>\n<li>Jalankulku- ja py\u00f6r\u00e4ilyv\u00e4yl\u00e4 rakennetaan l\u00e4hes kokonaan Taivalkunnantien etel\u00e4puolelle, paitsi Pihtikorventien l\u00e4heisyydess\u00e4 pienelt\u00e4 osin Taivalkunnantien pohjoispuolelle olemassa olevan jalankulku- ja py\u00f6r\u00e4ilyv\u00e4yl\u00e4n jatkeeksi.<\/li>\n<li>Toimitusinsin\u00f6\u00f6rin saamien tietojen mukaan nyt syksyll\u00e4 2025 ty\u00f6t alkavat todenn\u00e4k\u00f6isesti korkeintaan pienimuotoisesti.<\/li>\n<li>Suunnitelman mukaan rakentaminen suoritetaan suurelta osin vuoden 2026 aikana alkaen kev\u00e4\u00e4ll\u00e4 2026.<\/li>\n<\/ul>\n<p>Taivalkunnantien varressa on t\u00e4ll\u00e4 hetkell\u00e4 k\u00e4ynniss\u00e4 Nokian veden vesihuoltourakka. T\u00e4m\u00e4 vesihuoltourakan alue sijoittuu ainakin osin rakennettavan kevyen liikenteen v\u00e4yl\u00e4n kohdalle tai v\u00e4litt\u00f6m\u00e4sti sen viereisille alueille, joten se m\u00e4\u00e4rittelee osaltaan v\u00e4yl\u00e4n rakentamisen aloitusaikaa.<\/p>\n<p>T\u00e4m\u00e4n maantietoimituksen verkkosivujen alalaidasta l\u00f6ytyv\u00e4t mm. tiesuunnitelmakartat, 1. vaiheen maantietoimituksen 2017-570542 toimituskartat ja t\u00e4t\u00e4 maantietoimitusta koskevaa muuta tietoa: www.maanmittauslaitos.fi\/TN2025-760406<\/p>\n<p>&nbsp;<\/p>\n<p><strong>Jos huomaat kyl\u00e4mme sivustolla virheellist\u00e4<\/strong> tai puuttuvaa tietoa, niin ole yhteydess\u00e4 ja korjaan asian.<\/p>\n<p>&nbsp;<\/p>\n<p>Yhteisty\u00f6terveisin Olli Sorva<\/p>\n","protected":false},"excerpt":{"rendered":"<p>Kevyenliikenteen v\u00e4yl\u00e4 Kohtahan tuon v\u00e4yl\u00e4n rakentaminen alkaa ja t\u00e4ss\u00e4 pieni tiivistelm\u00e4 asiasta. Pirkanmaan ELY-keskuksesta on ilmoitettu Maanmittauslaitokselle, ett\u00e4 Taivalkunnantien kevyen liikenteen v\u00e4yl\u00e4n rakentaminen on alkamassa syksyll\u00e4 2025. Kyse on maantien 2501 (Taivalkunnantie) parantamisesta rakentamalla jalankulku- ja py\u00f6r\u00e4ilyv\u00e4yl\u00e4 Taivalkunnantien varteen v\u00e4lille Pihtikorventie (Taivalkunnantie n. 486) &#8211; Taivalkunnantie n. 198, Nokia. Jalankulku- ja py\u00f6r\u00e4ilyv\u00e4yl\u00e4 rakennetaan l\u00e4hes kokonaan &hellip; <a href=\"https:\/\/www.nokiankylat.fi\/taivalkunta\/yhdistykset\/taivalkunnan-kylat-ry\/kylakirjeet-2025\/kylakirje-28-10-2025\/\">Jatkuu<\/a><\/p>\n","protected":false},"author":4,"featured_media":0,"parent":4965,"menu_order":0,"comment_status":"closed","ping_status":"closed","template":"","meta":{"_acf_changed":false,"footnotes":""},"class_list":["post-5029","page","type-page","status-publish","hentry"],"acf":[],"_links":{"self":[{"href":"https:\/\/www.nokiankylat.fi\/taivalkunta\/wp-json\/wp\/v2\/pages\/5029","targetHints":{"allow":["GET"]}}],"collection":[{"href":"https:\/\/www.nokiankylat.fi\/taivalkunta\/wp-json\/wp\/v2\/pages"}],"about":[{"href":"https:\/\/www.nokiankylat.fi\/taivalkunta\/wp-json\/wp\/v2\/types\/page"}],"author":[{"embeddable":true,"href":"https:\/\/www.nokiankylat.fi\/taivalkunta\/wp-json\/wp\/v2\/users\/4"}],"replies":[{"embeddable":true,"href":"https:\/\/www.nokiankylat.fi\/taivalkunta\/wp-json\/wp\/v2\/comments?post=5029"}],"version-history":[{"count":1,"href":"https:\/\/www.nokiankylat.fi\/taivalkunta\/wp-json\/wp\/v2\/pages\/5029\/revisions"}],"predecessor-version":[{"id":5030,"href":"https:\/\/www.nokiankylat.fi\/taivalkunta\/wp-json\/wp\/v2\/pages\/5029\/revisions\/5030"}],"up":[{"embeddable":true,"href":"https:\/\/www.nokiankylat.fi\/taivalkunta\/wp-json\/wp\/v2\/pages\/4965"}],"wp:attachment":[{"href":"https:\/\/www.nokiankylat.fi\/taivalkunta\/wp-json\/wp\/v2\/media?parent=5029"}],"curies":[{"name":"wp","href":"https:\/\/api.w.org\/{rel}","templated":true}]}}