{"id":5042,"date":"2026-01-07T15:28:11","date_gmt":"2026-01-07T13:28:11","guid":{"rendered":"https:\/\/www.nokiankylat.fi\/taivalkunta\/?page_id=5042"},"modified":"2026-01-07T17:38:06","modified_gmt":"2026-01-07T15:38:06","slug":"kylakirje-7-1-2026","status":"publish","type":"page","link":"https:\/\/www.nokiankylat.fi\/taivalkunta\/yhdistykset\/taivalkunnan-kylat-ry\/kylakirjeet-2026\/kylakirje-7-1-2026\/","title":{"rendered":"Kyl\u00e4kirje 7-1-2026"},"content":{"rendered":"<p dir=\"auto\" data-olk-copy-source=\"MessageBody\">Koko perheen<strong> turvallisuusp\u00e4iv\u00e4\u00e4 vietet\u00e4\u00e4n lauantaina 24.1.2026 klo 10.00-14.00<\/strong> Taivalkunnan kyl\u00e4talossa ja sen pihamaalla, Taivalkunnantie 575.<\/p>\n<p>Ohjelmassa on<\/p>\n<p>VPK:n alkusammutusharjoituksia ja mahdollisuus tutustua paloautoon (h\u00e4lytysvaraus: Jos tulee h\u00e4lytys, auto ja miehist\u00f6 joutuvat l\u00e4htem\u00e4\u00e4n h\u00e4lytykseen).<\/p>\n<p>H\u00e4meen-Pirkanmaan Marttojen kolmen pisteen varautumisen rastirata sis\u00e4tiloissa.<\/p>\n<p>1. Selvi\u00e4tk\u00f6 72-tuntia h\u00e4iri\u00f6olosuhteissa<\/p>\n<p>2. Keinot h\u00e4iri\u00f6olosuhteiden ruuanlaittoon<\/p>\n<p>3. S\u00e4hk\u00f6katko pulmapeli<\/p>\n<p>L\u00e4hd\u00f6t joukkueittain klo 10.15, 11.00, 11.45, 12.00 ja 12.45.<\/p>\n<p>Leader Kantrin ja Pirkan kylien \u00c4lykk\u00e4\u00e4t kyl\u00e4talot -hankkeen esittelypisteet.<\/p>\n<p>Makkaran paistoa ja Taivalkunnan Kyl\u00e4t ry:n kyl\u00e4kahvila.<\/p>\n<p>Ohjelma t\u00e4ydentyy.<\/p>\n<p>Tapahtuman j\u00e4rjest\u00e4\u00e4 Leader Kantrin Yhdess\u00e4 valmiina! \u2013 Kylien varautumishanke, Nokian kaupungin Kyl\u00e4helmet -hanke, Taivalkunnan kyl\u00e4t ry, H\u00e4meen-Pirkanmaan Martat ja Pirkan Kylien \u00c4lykk\u00e4\u00e4t kyl\u00e4talot -hanke.<\/p>\n<p><strong>Huomioi my\u00f6s!<\/strong><\/p>\n<p><span data-olk-copy-source=\"MessageBody\"><strong>Sunnuntaina 15.12.<\/strong> on perinteinen talvitapahtuma (s\u00e4\u00e4varauksella)<\/span><\/p>\n<p>Kyl\u00e4yhdistyksen puheenjohtaja vuonna 2026 on Anne -Marie Hautanen. Kyl\u00e4hallituksen tiedot p\u00e4ivittyv\u00e4t kyl\u00e4n sivustolle l\u00e4hip\u00e4ivin\u00e4.<\/p>\n","protected":false},"excerpt":{"rendered":"<p>Koko perheen turvallisuusp\u00e4iv\u00e4\u00e4 vietet\u00e4\u00e4n lauantaina 24.1.2026 klo 10.00-14.00 Taivalkunnan kyl\u00e4talossa ja sen pihamaalla, Taivalkunnantie 575. Ohjelmassa on VPK:n alkusammutusharjoituksia ja mahdollisuus tutustua paloautoon (h\u00e4lytysvaraus: Jos tulee h\u00e4lytys, auto ja miehist\u00f6 joutuvat l\u00e4htem\u00e4\u00e4n h\u00e4lytykseen). H\u00e4meen-Pirkanmaan Marttojen kolmen pisteen varautumisen rastirata sis\u00e4tiloissa. 1. Selvi\u00e4tk\u00f6 72-tuntia h\u00e4iri\u00f6olosuhteissa 2. Keinot h\u00e4iri\u00f6olosuhteiden ruuanlaittoon 3. S\u00e4hk\u00f6katko pulmapeli L\u00e4hd\u00f6t joukkueittain klo 10.15, &hellip; <a href=\"https:\/\/www.nokiankylat.fi\/taivalkunta\/yhdistykset\/taivalkunnan-kylat-ry\/kylakirjeet-2026\/kylakirje-7-1-2026\/\">Jatkuu<\/a><\/p>\n","protected":false},"author":4,"featured_media":0,"parent":5033,"menu_order":0,"comment_status":"closed","ping_status":"closed","template":"","meta":{"_acf_changed":false,"footnotes":""},"class_list":["post-5042","page","type-page","status-publish","hentry"],"acf":[],"_links":{"self":[{"href":"https:\/\/www.nokiankylat.fi\/taivalkunta\/wp-json\/wp\/v2\/pages\/5042","targetHints":{"allow":["GET"]}}],"collection":[{"href":"https:\/\/www.nokiankylat.fi\/taivalkunta\/wp-json\/wp\/v2\/pages"}],"about":[{"href":"https:\/\/www.nokiankylat.fi\/taivalkunta\/wp-json\/wp\/v2\/types\/page"}],"author":[{"embeddable":true,"href":"https:\/\/www.nokiankylat.fi\/taivalkunta\/wp-json\/wp\/v2\/users\/4"}],"replies":[{"embeddable":true,"href":"https:\/\/www.nokiankylat.fi\/taivalkunta\/wp-json\/wp\/v2\/comments?post=5042"}],"version-history":[{"count":11,"href":"https:\/\/www.nokiankylat.fi\/taivalkunta\/wp-json\/wp\/v2\/pages\/5042\/revisions"}],"predecessor-version":[{"id":5054,"href":"https:\/\/www.nokiankylat.fi\/taivalkunta\/wp-json\/wp\/v2\/pages\/5042\/revisions\/5054"}],"up":[{"embeddable":true,"href":"https:\/\/www.nokiankylat.fi\/taivalkunta\/wp-json\/wp\/v2\/pages\/5033"}],"wp:attachment":[{"href":"https:\/\/www.nokiankylat.fi\/taivalkunta\/wp-json\/wp\/v2\/media?parent=5042"}],"curies":[{"name":"wp","href":"https:\/\/api.w.org\/{rel}","templated":true}]}}