{"id":5057,"date":"2026-01-23T08:19:23","date_gmt":"2026-01-23T06:19:23","guid":{"rendered":"https:\/\/www.nokiankylat.fi\/taivalkunta\/?page_id=5057"},"modified":"2026-01-23T08:19:23","modified_gmt":"2026-01-23T06:19:23","slug":"hallitus-2025","status":"publish","type":"page","link":"https:\/\/www.nokiankylat.fi\/taivalkunta\/yhdistykset\/taivalkunnan-kylat-ry\/kylayhdistyksen-arkisto\/hallitus-2025\/","title":{"rendered":"Hallitus 2025"},"content":{"rendered":"<h2>Hallitus 2025<\/h2>\n<h3>Puheenjohtaja: Erkko M\u00e4enp\u00e4\u00e4<\/h3>\n<h3>Varapuheenjohtaja: Tomi Teuho-Markkola<\/h3>\n<h3>Sihteeri: <span data-olk-copy-source=\"MessageBody\">Anne-Marie Hautanen<\/span><\/h3>\n<h3>Rahastonhoitaja: Marjo Salmij\u00e4rvi<\/h3>\n<h3>Muu hallitus: , Teemu Lehtim\u00e4ki, Petra P\u00f6l\u00f6nen, Anja Mattila ja Emilia Vuorinen<\/h3>\n","protected":false},"excerpt":{"rendered":"<p>Hallitus 2025 Puheenjohtaja: Erkko M\u00e4enp\u00e4\u00e4 Varapuheenjohtaja: Tomi Teuho-Markkola Sihteeri: Anne-Marie Hautanen Rahastonhoitaja: Marjo Salmij\u00e4rvi Muu hallitus: , Teemu Lehtim\u00e4ki, Petra P\u00f6l\u00f6nen, Anja Mattila ja Emilia Vuorinen<\/p>\n","protected":false},"author":4,"featured_media":0,"parent":186,"menu_order":0,"comment_status":"closed","ping_status":"closed","template":"","meta":{"_acf_changed":false,"footnotes":""},"class_list":["post-5057","page","type-page","status-publish","hentry"],"acf":[],"_links":{"self":[{"href":"https:\/\/www.nokiankylat.fi\/taivalkunta\/wp-json\/wp\/v2\/pages\/5057","targetHints":{"allow":["GET"]}}],"collection":[{"href":"https:\/\/www.nokiankylat.fi\/taivalkunta\/wp-json\/wp\/v2\/pages"}],"about":[{"href":"https:\/\/www.nokiankylat.fi\/taivalkunta\/wp-json\/wp\/v2\/types\/page"}],"author":[{"embeddable":true,"href":"https:\/\/www.nokiankylat.fi\/taivalkunta\/wp-json\/wp\/v2\/users\/4"}],"replies":[{"embeddable":true,"href":"https:\/\/www.nokiankylat.fi\/taivalkunta\/wp-json\/wp\/v2\/comments?post=5057"}],"version-history":[{"count":1,"href":"https:\/\/www.nokiankylat.fi\/taivalkunta\/wp-json\/wp\/v2\/pages\/5057\/revisions"}],"predecessor-version":[{"id":5058,"href":"https:\/\/www.nokiankylat.fi\/taivalkunta\/wp-json\/wp\/v2\/pages\/5057\/revisions\/5058"}],"up":[{"embeddable":true,"href":"https:\/\/www.nokiankylat.fi\/taivalkunta\/wp-json\/wp\/v2\/pages\/186"}],"wp:attachment":[{"href":"https:\/\/www.nokiankylat.fi\/taivalkunta\/wp-json\/wp\/v2\/media?parent=5057"}],"curies":[{"name":"wp","href":"https:\/\/api.w.org\/{rel}","templated":true}]}}