{"id":5064,"date":"2025-11-30T14:42:47","date_gmt":"2025-11-30T12:42:47","guid":{"rendered":"https:\/\/www.nokiankylat.fi\/taivalkunta\/?page_id=5064"},"modified":"2026-02-08T15:00:54","modified_gmt":"2026-02-08T13:00:54","slug":"poytakirja-5-11-2025","status":"publish","type":"page","link":"https:\/\/www.nokiankylat.fi\/taivalkunta\/yhdistykset\/taivalkunnan-kylat-ry\/kokoukset-ja-kylaillat\/syyskokous-5-11-2025\/poytakirja-5-11-2025\/","title":{"rendered":"P\u00f6yt\u00e4kirja 5-11-2025"},"content":{"rendered":"<p>Taivalkunnan Kyl\u00e4t ry<\/p>\n<p>P\u00d6YT\u00c4KIRJA 2\/2025\u00a0 \u00a0 \u00a0 \u00a0 \u00a0 \u00a0 \u00a0 \u00a0 \u00a0 \u00a0 \u00a0 \u00a0 \u00a0 \u00a0 \u00a0 \u00a0 \u00a0 \u00a0 S\u00c4\u00c4NT\u00d6M\u00c4\u00c4R\u00c4INEN SYYSKOKOUS<\/p>\n<p>Aika: ke 5.11.2025 klo 18.00<\/p>\n<p>Paikka: Taivalkunnan kyl\u00e4talo (vanha koulu), Taivalkunnantie 575, 37120 Nokia<\/p>\n<p>Paikalla: Erkko M\u00e4enp\u00e4\u00e4, Anja Mattila, Risto Mattila, Teemu Lehtim\u00e4ki, Esa Alanne, Petra<br \/>\nP\u00f6l\u00f6nen, Anne-Marie Hautanen, Marjo Salmij\u00e4rvi, Olli Sorva, Sisko Sorva, Ninni<br \/>\nM\u00e4kimarttunen, Jaana Sorvaniemi, Katja P\u00e4\u00e4kk\u00f6nen, Kristiina Ruohonen ja Nadja Kotkaslahti<\/p>\n<p>1. Kokouksen avaaminen<br \/>\nTaivalkunnan kyl\u00e4yhdistyksen puheenjohtaja Erkko M\u00e4enp\u00e4\u00e4 avasi kokouksen klo 18.02.<\/p>\n<p>2. Kokouksen j\u00e4rjest\u00e4ytyminen<br \/>\nValittiin kokouksen puheenjohtajaksi Erkko M\u00e4enp\u00e4\u00e4 ja sihteeriksi Anne-Marie Hautanen.<br \/>\nP\u00f6yt\u00e4kirjan tarkastajiksi valittiin Sisko ja Olli Sorva. Olli ja Sisko toimivat tarvittaessa my\u00f6s<br \/>\n\u00e4\u00e4ntenlaskijoina.<\/p>\n<p>3. Laillisuuden ja p\u00e4\u00e4t\u00f6svaltaisuuden toteaminen<br \/>\nTodettiin kokous lailliseksi ja p\u00e4\u00e4t\u00f6svaltaiseksi.<\/p>\n<p>4. Ty\u00f6j\u00e4rjestyksest\u00e4 p\u00e4\u00e4tt\u00e4minen<br \/>\nHyv\u00e4ksyttiin esityslista kokouksen ty\u00f6j\u00e4rjestykseksi.<\/p>\n<p>5. Toimintasuunnitelman ja talousarvion vahvistaminen seuraavalle vuodelle sek\u00e4<br \/>\nj\u00e4senmaksun suuruus<br \/>\nEsiteltiin talousarvio vuodelle 2026 sek\u00e4 toimintasuunnitelma kaudelle 2026. Hyv\u00e4ksyttiin<br \/>\ntalousarvio.<br \/>\nHyv\u00e4ksyttiin esitetty toimintasuunnitelma 2026. P\u00e4\u00e4tettiin ker\u00e4t\u00e4 j\u00e4senmaksua kaudella 2026<br \/>\n5 eur\/j\u00e4sen<\/p>\n<p>6. Hallituksen puheenjohtajan valinta vuodelle 2026<br \/>\nErkko M\u00e4enp\u00e4\u00e4 ei jatka puheenjohtajana vuonna 2026.<br \/>\nHallituksen puheenjohtajaksi esitet\u00e4\u00e4n Anne-Marie Hautasta. P\u00e4\u00e4tetty yksimielisesti valita<br \/>\npuheenjohtajaksi Anne-Marie Hautanen.<\/p>\n<p>7. Hallituksen j\u00e4senten valinta, toimikausi on kaksi vuotta<br \/>\nErovuoroisina hallituksen j\u00e4senist\u00e4 Marjo Salmij\u00e4rvi ja Emilia Vuorinen. Teemu Lehtim\u00e4ki<br \/>\npyyt\u00e4\u00e4 eroa hallituksesta. My\u00f6s Tomi Teuho-Markkola on toimittanut eropyynn\u00f6n<br \/>\nhallitukseen. Emilia Vuorinen, Petra P\u00f6l\u00f6nen, Marjo Salmij\u00e4rvi ja Anja Mattila jatkavat<br \/>\nhallituksessa 2026 vanhoina j\u00e4senin\u00e4. Esitet\u00e4\u00e4n hallituksen uusiksi j\u00e4seniksi Ninni<br \/>\nM\u00e4kimarttusta, Kristiina Ruohosta ja Erkko M\u00e4enp\u00e4\u00e4t\u00e4. P\u00e4\u00e4tetty yksimielisesti edellisen<br \/>\nmukaan.<\/p>\n<p>8. Toiminnantarkastajan ja varatoiminnantarkastajan valinta<br \/>\nYhdistyksen toiminnantarkastajaksi valittiin Veijo Hynninen ja h\u00e4nelle<br \/>\nvaratoiminnantarkastajaksi Meiju Mertanen.<\/p>\n<p>9. Muut esille tulevat asiat<br \/>\nKeskusteltiin tonttiasioista ja uudesta tulevasta py\u00f6r\u00e4tiest\u00e4 sek\u00e4 aluej\u00e4tepisteiden<br \/>\npoistumisesta.<br \/>\nKeskustelua kehitett\u00e4vist\u00e4 asioista: kyl\u00e4talon kehitt\u00e4misest\u00e4 ja kyl\u00e4talon mahdollisuuksista.<\/p>\n<p>10. Kokouksen p\u00e4\u00e4tt\u00e4minen<br \/>\nErkko M\u00e4enp\u00e4\u00e4 kiitti aktiivista kokousv\u00e4ke\u00e4 ja p\u00e4\u00e4tti kokouksen klo 19.01.<\/p>\n<p>Erkko M\u00e4enp\u00e4\u00e4\u00a0 \u00a0 \u00a0 \u00a0 \u00a0 \u00a0 \u00a0 \u00a0 \u00a0 \u00a0 \u00a0 \u00a0 \u00a0 \u00a0 \u00a0 \u00a0 \u00a0 \u00a0 \u00a0 \u00a0 \u00a0 \u00a0 \u00a0Anne-Marie Hautanen<br \/>\npuheenjohtaja\u00a0 \u00a0 \u00a0 \u00a0 \u00a0 \u00a0 \u00a0 \u00a0 \u00a0 \u00a0 \u00a0 \u00a0 \u00a0 \u00a0 \u00a0 \u00a0 \u00a0 \u00a0 \u00a0 \u00a0 \u00a0 \u00a0 \u00a0 \u00a0sihteeri<\/p>\n<p>Sisko Sorva\u00a0 \u00a0 \u00a0 \u00a0 \u00a0 \u00a0 \u00a0 \u00a0 \u00a0 \u00a0 \u00a0 \u00a0 \u00a0 \u00a0 \u00a0 \u00a0 \u00a0 \u00a0 \u00a0 \u00a0 \u00a0 \u00a0 \u00a0 \u00a0 \u00a0 \u00a0 \u00a0Olli Sorva<br \/>\np\u00f6yt\u00e4kirjan tarkastaja\u00a0 \u00a0 \u00a0 \u00a0 \u00a0 \u00a0 \u00a0 \u00a0 \u00a0 \u00a0 \u00a0 \u00a0 \u00a0 \u00a0 \u00a0 \u00a0 \u00a0 p\u00f6yt\u00e4kirjan tarkastaja<\/p>\n","protected":false},"excerpt":{"rendered":"<p>Taivalkunnan Kyl\u00e4t ry P\u00d6YT\u00c4KIRJA 2\/2025\u00a0 \u00a0 \u00a0 \u00a0 \u00a0 \u00a0 \u00a0 \u00a0 \u00a0 \u00a0 \u00a0 \u00a0 \u00a0 \u00a0 \u00a0 \u00a0 \u00a0 \u00a0 S\u00c4\u00c4NT\u00d6M\u00c4\u00c4R\u00c4INEN SYYSKOKOUS Aika: ke 5.11.2025 klo 18.00 Paikka: Taivalkunnan kyl\u00e4talo (vanha koulu), Taivalkunnantie 575, 37120 Nokia Paikalla: Erkko M\u00e4enp\u00e4\u00e4, Anja Mattila, Risto Mattila, Teemu Lehtim\u00e4ki, Esa Alanne, Petra P\u00f6l\u00f6nen, Anne-Marie Hautanen, Marjo Salmij\u00e4rvi, &hellip; <a href=\"https:\/\/www.nokiankylat.fi\/taivalkunta\/yhdistykset\/taivalkunnan-kylat-ry\/kokoukset-ja-kylaillat\/syyskokous-5-11-2025\/poytakirja-5-11-2025\/\">Jatkuu<\/a><\/p>\n","protected":false},"author":4,"featured_media":0,"parent":5066,"menu_order":0,"comment_status":"closed","ping_status":"closed","template":"","meta":{"_acf_changed":false,"footnotes":""},"class_list":["post-5064","page","type-page","status-publish","hentry"],"acf":[],"_links":{"self":[{"href":"https:\/\/www.nokiankylat.fi\/taivalkunta\/wp-json\/wp\/v2\/pages\/5064","targetHints":{"allow":["GET"]}}],"collection":[{"href":"https:\/\/www.nokiankylat.fi\/taivalkunta\/wp-json\/wp\/v2\/pages"}],"about":[{"href":"https:\/\/www.nokiankylat.fi\/taivalkunta\/wp-json\/wp\/v2\/types\/page"}],"author":[{"embeddable":true,"href":"https:\/\/www.nokiankylat.fi\/taivalkunta\/wp-json\/wp\/v2\/users\/4"}],"replies":[{"embeddable":true,"href":"https:\/\/www.nokiankylat.fi\/taivalkunta\/wp-json\/wp\/v2\/comments?post=5064"}],"version-history":[{"count":1,"href":"https:\/\/www.nokiankylat.fi\/taivalkunta\/wp-json\/wp\/v2\/pages\/5064\/revisions"}],"predecessor-version":[{"id":5065,"href":"https:\/\/www.nokiankylat.fi\/taivalkunta\/wp-json\/wp\/v2\/pages\/5064\/revisions\/5065"}],"up":[{"embeddable":true,"href":"https:\/\/www.nokiankylat.fi\/taivalkunta\/wp-json\/wp\/v2\/pages\/5066"}],"wp:attachment":[{"href":"https:\/\/www.nokiankylat.fi\/taivalkunta\/wp-json\/wp\/v2\/media?parent=5064"}],"curies":[{"name":"wp","href":"https:\/\/api.w.org\/{rel}","templated":true}]}}