{"id":75,"date":"2016-01-12T13:42:25","date_gmt":"2016-01-12T11:42:25","guid":{"rendered":"http:\/\/nokiankylat.wysiwyg.fi\/taivalkunta\/?page_id=75"},"modified":"2016-02-13T19:21:59","modified_gmt":"2016-02-13T17:21:59","slug":"nokian-sahkotalo-oy","status":"publish","type":"page","link":"https:\/\/www.nokiankylat.fi\/taivalkunta\/palvelut\/nokian-sahkotalo-oy\/","title":{"rendered":"Nokian S\u00e4hk\u00f6talo Oy"},"content":{"rendered":"<p>Viholankatu 1, 37120 Nokia<\/p>\n<p>(03) 3426 600<\/p>\n<p>L\u00e4het\u00e4<a href=\"sahkotalo@nokiansahkotalo.fi\" target=\"_blank\"><u><span style=\"color: #0066cc\">\u00a0<\/span><\/u><\/a><u><\/u><a href=\"mailto:sahkotalo@nokiansahkotalo.fi\" target=\"_blank\"><u><span style=\"color: #0066cc\">s\u00e4hk\u00f6postia<\/span><\/u><\/a><\/p>\n<p>Vieraile <a href=\"http:\/\/www.nokiansahkotalo.fi\" target=\"_blank\"><u><span style=\"color: #0066cc\">kotisivullamme<\/span><\/u><\/a><\/p>\n<p>T\u00e4st\u00e4\u00a0<a href=\"http:\/\/www.lamppukauppa.fi\" target=\"_blank\"><u><span style=\"color: #0066cc\">verkkokauppaamme<\/span><\/u><\/a><\/p>\n<p>Valaisinmyym\u00e4l\u00e4 sijaitsee osoitteessa Viholankatu 1, 37120 Nokia<\/p>\n<ul>\n<li>Nokian S\u00e4hk\u00f6talo myy sisustusvalaisimia, valonl\u00e4hteit\u00e4 sek\u00e4 asennuspalvelua.<\/li>\n<\/ul>\n","protected":false},"excerpt":{"rendered":"<p>Viholankatu 1, 37120 Nokia (03) 3426 600 L\u00e4het\u00e4\u00a0s\u00e4hk\u00f6postia Vieraile kotisivullamme T\u00e4st\u00e4\u00a0verkkokauppaamme Valaisinmyym\u00e4l\u00e4 sijaitsee osoitteessa Viholankatu 1, 37120 Nokia Nokian S\u00e4hk\u00f6talo myy sisustusvalaisimia, valonl\u00e4hteit\u00e4 sek\u00e4 asennuspalvelua.<\/p>\n","protected":false},"author":4,"featured_media":0,"parent":30,"menu_order":0,"comment_status":"closed","ping_status":"closed","template":"","meta":{"_acf_changed":false,"footnotes":""},"class_list":["post-75","page","type-page","status-publish","hentry"],"acf":[],"_links":{"self":[{"href":"https:\/\/www.nokiankylat.fi\/taivalkunta\/wp-json\/wp\/v2\/pages\/75","targetHints":{"allow":["GET"]}}],"collection":[{"href":"https:\/\/www.nokiankylat.fi\/taivalkunta\/wp-json\/wp\/v2\/pages"}],"about":[{"href":"https:\/\/www.nokiankylat.fi\/taivalkunta\/wp-json\/wp\/v2\/types\/page"}],"author":[{"embeddable":true,"href":"https:\/\/www.nokiankylat.fi\/taivalkunta\/wp-json\/wp\/v2\/users\/4"}],"replies":[{"embeddable":true,"href":"https:\/\/www.nokiankylat.fi\/taivalkunta\/wp-json\/wp\/v2\/comments?post=75"}],"version-history":[{"count":4,"href":"https:\/\/www.nokiankylat.fi\/taivalkunta\/wp-json\/wp\/v2\/pages\/75\/revisions"}],"predecessor-version":[{"id":805,"href":"https:\/\/www.nokiankylat.fi\/taivalkunta\/wp-json\/wp\/v2\/pages\/75\/revisions\/805"}],"up":[{"embeddable":true,"href":"https:\/\/www.nokiankylat.fi\/taivalkunta\/wp-json\/wp\/v2\/pages\/30"}],"wp:attachment":[{"href":"https:\/\/www.nokiankylat.fi\/taivalkunta\/wp-json\/wp\/v2\/media?parent=75"}],"curies":[{"name":"wp","href":"https:\/\/api.w.org\/{rel}","templated":true}]}}