{"id":776,"date":"2016-02-13T12:23:46","date_gmt":"2016-02-13T10:23:46","guid":{"rendered":"http:\/\/www.nokiankylat.fi\/taivalkunta\/?page_id=776"},"modified":"2016-02-13T14:53:02","modified_gmt":"2016-02-13T12:53:02","slug":"kylakirje-13-2-2016","status":"publish","type":"page","link":"https:\/\/www.nokiankylat.fi\/taivalkunta\/yhdistykset\/taivalkunnan-kylat-ry\/kylayhdistyksen-arkisto\/kylakirjeet\/kylakirjeet-2016\/kylakirje-13-2-2016\/","title":{"rendered":"Kyl\u00e4kirje 13-2-2016"},"content":{"rendered":"<p>Ensin muistutuksena lastemme t\u00e4rke\u00e4 asia: <strong>Kyl\u00e4mme koulu<\/strong> pit\u00e4\u00e4 yritt\u00e4jyysviikkoa ja <strong>ti-to 16-18.2 klo 12-13.30<\/strong> heill\u00e4 on kahvilatempaus (<a href=\"https:\/\/www.nokiankylat.fi\/taivalkunta\/wp-content\/uploads\/sites\/11\/2016\/02\/KUTSU-KYL\u00c4KAHVILAAN.pdf\" rel=\"\">KUTSU KYL\u00c4KAHVILAAN<\/a>).<\/p>\n<p>Taannoisessa Taivalkunnan kyl\u00e4t ry:n tekem\u00e4ss\u00e4 kyl\u00e4kyselyss\u00e4 nousi esiin tiedotuksen v\u00e4h\u00e4isyys ja osin kyl\u00e4yhdistyksen avoimuuden puute. Tartuimme n\u00e4ihin asioihin silloin heti vuosi sitten ja nyt on sitten muutosta saatu aikaiseksi radikaalisti.<\/p>\n<p>Kyl\u00e4kirjeiden m\u00e4\u00e4r\u00e4 on lis\u00e4\u00e4ntynyt voimakkaasti ja postitusrekisterimme kasvanut merkitt\u00e4v\u00e4sti sek\u00e4 lis\u00e4ksi on postilaatikkoihin jakoa lis\u00e4tty. Viime vuonna kyl\u00e4yhdistys sai Facebook sivut.<\/p>\n<p>Kylien uudet kotisivut ovat Taivalkunnan aloite ja ne on eilen saatu pystyyn osoitteessa <a href=\"https:\/\/www.nokiankylat.fi\/taivalkunta\">www.nokiankylat.fi\/taivalkunta<\/a>. Niiss\u00e4 on viel\u00e4 pient\u00e4 s\u00e4\u00e4dett\u00e4v\u00e4\u00e4 ja kev\u00e4\u00e4n mittaan sitten pyrin siirt\u00e4m\u00e4\u00e4n sinne lis\u00e4\u00e4 aineistoa ja uuttahan tulee luontevasti ajan kuluessa. Tarkoitus on kuitenkin jo parin viikon p\u00e4\u00e4st\u00e4 aloittaa sivuston \u201dmarkkinointi\u201d kyl\u00e4lle ja onhan hankkeessa mukana muitakin kyli\u00e4, joten eik\u00f6h\u00e4n laajempikin tiedotus olisi paikallaan (kylist\u00e4 Taivalkunta ja Sorva on jo mukana sek\u00e4 Tottij\u00e4rvi ihan pian).<\/p>\n<p>Nettisivuilla on <strong>Taivalkunnan<\/strong> <strong>Palvelut-luettelo<\/strong>. Kyl\u00e4ll\u00e4 sijaitsevat yritykset sek\u00e4 asuvat yritt\u00e4j\u00e4t ja palveluntuottajat saavat siihen yhteystietonsa ja kuvauksen palveluistaan veloituksetta. Luetteloon tulevat my\u00f6s kyl\u00e4ll\u00e4 olevat yhdistykset ja j\u00e4rjest\u00f6t toimintakuvauksineen. L\u00e4hett\u00e4k\u00e4\u00e4 tietoa minulle, niin lis\u00e4\u00e4n sit\u00e4 sivuille.<\/p>\n<p>Turvallisuus on osa ihmisen jokap\u00e4iv\u00e4ist\u00e4 arkea. Kyl\u00e4yhdistyksen tavoitteena on saada kaikki kyl\u00e4l\u00e4iset mukaan turvallisuustalkoisiin. Haasteita on runsaasti ja niit\u00e4 pohdimme yhdess\u00e4 monelta eri kantilta.<\/p>\n<p>Viime kirjeess\u00e4 lupaamani <strong>kyl\u00e4ilta pidet\u00e4\u00e4n 16.3 kello 18.00 kyl\u00e4n koululla<\/strong> ja sen annin pohjalta kyl\u00e4yhdistyksen ty\u00f6ryhm\u00e4 (Minna, Tomi ja Olli) viev\u00e4t eteenp\u00e4in kyl\u00e4n turvallisuussuunnitelmaa. Varatkaa aika kalenteriinne. Illassa on mukana my\u00f6s yhteisty\u00f6kumppaneitamme, ainakin koulun rehtori ja Pirkanmaan kyl\u00e4asiamies, mutta muiden osalta tilanne on viel\u00e4 avoin. Asiasta on tarkemmin kaikille kyl\u00e4l\u00e4isille my\u00f6hemmin tulevassa kutsussa.<\/p>\n<p>Taivalkunnan kyl\u00e4t ry:n puheenjohtaja Olli Sorva<\/p>\n","protected":false},"excerpt":{"rendered":"<p>Ensin muistutuksena lastemme t\u00e4rke\u00e4 asia: Kyl\u00e4mme koulu pit\u00e4\u00e4 yritt\u00e4jyysviikkoa ja ti-to 16-18.2 klo 12-13.30 heill\u00e4 on kahvilatempaus (KUTSU KYL\u00c4KAHVILAAN). Taannoisessa Taivalkunnan kyl\u00e4t ry:n tekem\u00e4ss\u00e4 kyl\u00e4kyselyss\u00e4 nousi esiin tiedotuksen v\u00e4h\u00e4isyys ja osin kyl\u00e4yhdistyksen avoimuuden puute. Tartuimme n\u00e4ihin asioihin silloin heti vuosi sitten ja nyt on sitten muutosta saatu aikaiseksi radikaalisti. Kyl\u00e4kirjeiden m\u00e4\u00e4r\u00e4 on lis\u00e4\u00e4ntynyt voimakkaasti ja &hellip; <a href=\"https:\/\/www.nokiankylat.fi\/taivalkunta\/yhdistykset\/taivalkunnan-kylat-ry\/kylayhdistyksen-arkisto\/kylakirjeet\/kylakirjeet-2016\/kylakirje-13-2-2016\/\">Jatkuu<\/a><\/p>\n","protected":false},"author":4,"featured_media":0,"parent":184,"menu_order":0,"comment_status":"closed","ping_status":"closed","template":"","meta":{"_acf_changed":false,"footnotes":""},"class_list":["post-776","page","type-page","status-publish","hentry"],"acf":[],"_links":{"self":[{"href":"https:\/\/www.nokiankylat.fi\/taivalkunta\/wp-json\/wp\/v2\/pages\/776","targetHints":{"allow":["GET"]}}],"collection":[{"href":"https:\/\/www.nokiankylat.fi\/taivalkunta\/wp-json\/wp\/v2\/pages"}],"about":[{"href":"https:\/\/www.nokiankylat.fi\/taivalkunta\/wp-json\/wp\/v2\/types\/page"}],"author":[{"embeddable":true,"href":"https:\/\/www.nokiankylat.fi\/taivalkunta\/wp-json\/wp\/v2\/users\/4"}],"replies":[{"embeddable":true,"href":"https:\/\/www.nokiankylat.fi\/taivalkunta\/wp-json\/wp\/v2\/comments?post=776"}],"version-history":[{"count":2,"href":"https:\/\/www.nokiankylat.fi\/taivalkunta\/wp-json\/wp\/v2\/pages\/776\/revisions"}],"predecessor-version":[{"id":791,"href":"https:\/\/www.nokiankylat.fi\/taivalkunta\/wp-json\/wp\/v2\/pages\/776\/revisions\/791"}],"up":[{"embeddable":true,"href":"https:\/\/www.nokiankylat.fi\/taivalkunta\/wp-json\/wp\/v2\/pages\/184"}],"wp:attachment":[{"href":"https:\/\/www.nokiankylat.fi\/taivalkunta\/wp-json\/wp\/v2\/media?parent=776"}],"curies":[{"name":"wp","href":"https:\/\/api.w.org\/{rel}","templated":true}]}}