{"id":9,"date":"2015-10-25T13:23:18","date_gmt":"2015-10-25T11:23:18","guid":{"rendered":"http:\/\/nokiankylat.wysiwyg.fi\/taivalkunta\/?page_id=9"},"modified":"2021-12-30T11:22:46","modified_gmt":"2021-12-30T09:22:46","slug":"etusivu","status":"publish","type":"page","link":"https:\/\/www.nokiankylat.fi\/taivalkunta\/","title":{"rendered":"Etusivu"},"content":{"rendered":"<ul>\n<li>Taivalkunnan kyl\u00e4 k\u00e4sitt\u00e4\u00e4 alueen Nokianvirran etel\u00e4puolisella ranta- alueella kaavoitetulta alueelta l\u00e4htien aina entiselle Suoniemen rajalle saakka. Taivalkunnan kyl\u00e4maisema on avaraa ja kauniisti kumpuilevaa viljelymaisemaa, joka rajoittuu pohjoispuolella Nokianvirtaan ja j\u00e4rven\u00e4 avautuvaan Kuloveteen. Etel\u00e4puolella se rajoittuu jyrkkiin, jylhiin rinteisiin ja mets\u00e4maisemaan.<\/li>\n<\/ul>\n<p>Sis\u00e4ll\u00f6n t\u00e4lle sivustolle tuottaa Taivalkunnan asukkaat. Ilmoitathan mahdollisista virheist\u00e4, tarvittavista muutoksista ja lis\u00e4yksist\u00e4 sivustot p\u00e4ivitt\u00e4j\u00e4lle, <strong>Olli Sorvalle<\/strong>. Yhteystiedot ovat sivun alaosassa.<\/p>\n<h2>Uutisia<\/h2>\n<ul class=\"display-posts-listing\"> \n    <li class=\"listing-item row\">\n      <div class=\"small-12 columns last\">\n        <h3><a class=\"title\" href=\"https:\/\/www.nokiankylat.fi\/taivalkunta\/tapahtumat\/perinteinen-talvitapahtuma\/\">Perinteinen talvitapahtuma<\/a><\/h3>\n         <span class=\"date\">23.1.2026<\/span>\n         <span class=\"excerpt-dash\">-<\/span> <span class=\"excerpt\">15.2.2026 @ 14:00 - 16:00 - Vietet\u00e4\u00e4n perinteiseen tapaan. Tavataan Jutkulan m\u00e4ess\u00e4, koululta v\u00e4h\u00e4n Nokialle p\u00e4in ja Taivalkunnantien pohjoispuolella golfkent\u00e4ll\u00e4 v\u00e4yl\u00e4 6.<\/span>\n        <a \n      role=\"button\" \n      class=\"button info small radius\" \n      href=\"https:\/\/www.nokiankylat.fi\/taivalkunta\/tapahtumat\/perinteinen-talvitapahtuma\/\"\n    >Lue lis\u00e4\u00e4<\/a>\n      <\/div>\n      \n    <\/li>\n   \n    <li class=\"listing-item row\">\n      <div class=\"small-12 columns last\">\n        <h3><a class=\"title\" href=\"https:\/\/www.nokiankylat.fi\/taivalkunta\/tapahtumat\/koko-perheen-turvallisuuspaiva\/\">Koko perheen turvallisuusp\u00e4iv\u00e4<\/a><\/h3>\n         <span class=\"date\">23.1.2026<\/span>\n         <span class=\"excerpt-dash\">-<\/span> <span class=\"excerpt\">24.1.2026 @ 10:00 - 14:00 - Koko perheen turvallisuusp\u00e4iv\u00e4\u00e4 vietet\u00e4\u00e4n lauantaina 24.1.2026 klo 10.00-14.00 Taivalkunnan kyl\u00e4talossa ja sen pihamaalla, Taivalkunnantie 575. Ohjelmassa on mm. VPK:n alkusammutusharjoituksia ja mahdollisuus tutustua paloautoon (h\u00e4lytysvaraus: Jos tulee h\u00e4lytys, auto ja miehist\u00f6 joutuvat l\u00e4htem\u00e4\u00e4n h\u00e4lytykseen). H\u00e4meen-Pirkanmaan Marttojen kolmen pisteen varautumisen rastirata sis\u00e4tiloissa. 1. Selvi\u00e4tk\u00f6 72-tuntia h\u00e4iri\u00f6olosuhteissa 2. Keinot h\u00e4iri\u00f6olosuhteiden ruuanlaittoon 3. S\u00e4hk\u00f6katko pulmapeli L\u00e4hd\u00f6t joukkueittain klo [...]<\/span>\n        <a \n      role=\"button\" \n      class=\"button info small radius\" \n      href=\"https:\/\/www.nokiankylat.fi\/taivalkunta\/tapahtumat\/koko-perheen-turvallisuuspaiva\/\"\n    >Lue lis\u00e4\u00e4<\/a>\n      <\/div>\n      \n    <\/li>\n  <\/ul>\n","protected":false},"excerpt":{"rendered":"<p>24.1.2026 @ 10:00 &#8211; 14:00 &#8211; Koko perheen turvallisuusp\u00e4iv\u00e4\u00e4 vietet\u00e4\u00e4n lauantaina 24.1.2026 klo 10.00-14.00 Taivalkunnan kyl\u00e4talossa ja sen pihamaalla, Taivalkunnantie 575. Ohjelmassa on mm. VPK:n alkusammutusharjoituksia ja mahdollisuus tutustua paloautoon (h\u00e4lytysvaraus: Jos tulee h\u00e4lytys, auto ja miehist\u00f6 joutuvat l\u00e4htem\u00e4\u00e4n h\u00e4lytykseen). H\u00e4meen-Pirkanmaan Marttojen kolmen pisteen varautumisen rastirata sis\u00e4tiloissa. 1. Selvi\u00e4tk\u00f6 72-tuntia h\u00e4iri\u00f6olosuhteissa 2. Keinot h\u00e4iri\u00f6olosuhteiden ruuanlaittoon 3. S\u00e4hk\u00f6katko pulmapeli L\u00e4hd\u00f6t joukkueittain klo [&#8230;]<\/p>\n","protected":false},"author":1,"featured_media":0,"parent":0,"menu_order":0,"comment_status":"closed","ping_status":"closed","template":"","meta":{"_acf_changed":false,"footnotes":""},"class_list":["post-9","page","type-page","status-publish","hentry"],"acf":[],"_links":{"self":[{"href":"https:\/\/www.nokiankylat.fi\/taivalkunta\/wp-json\/wp\/v2\/pages\/9","targetHints":{"allow":["GET"]}}],"collection":[{"href":"https:\/\/www.nokiankylat.fi\/taivalkunta\/wp-json\/wp\/v2\/pages"}],"about":[{"href":"https:\/\/www.nokiankylat.fi\/taivalkunta\/wp-json\/wp\/v2\/types\/page"}],"author":[{"embeddable":true,"href":"https:\/\/www.nokiankylat.fi\/taivalkunta\/wp-json\/wp\/v2\/users\/1"}],"replies":[{"embeddable":true,"href":"https:\/\/www.nokiankylat.fi\/taivalkunta\/wp-json\/wp\/v2\/comments?post=9"}],"version-history":[{"count":43,"href":"https:\/\/www.nokiankylat.fi\/taivalkunta\/wp-json\/wp\/v2\/pages\/9\/revisions"}],"predecessor-version":[{"id":4092,"href":"https:\/\/www.nokiankylat.fi\/taivalkunta\/wp-json\/wp\/v2\/pages\/9\/revisions\/4092"}],"wp:attachment":[{"href":"https:\/\/www.nokiankylat.fi\/taivalkunta\/wp-json\/wp\/v2\/media?parent=9"}],"curies":[{"name":"wp","href":"https:\/\/api.w.org\/{rel}","templated":true}]}}