{"id":947,"date":"2016-03-03T19:10:22","date_gmt":"2016-03-03T17:10:22","guid":{"rendered":"http:\/\/www.nokiankylat.fi\/taivalkunta\/?page_id=947"},"modified":"2016-03-03T19:36:07","modified_gmt":"2016-03-03T17:36:07","slug":"kylakirje-4-3-2016","status":"publish","type":"page","link":"https:\/\/www.nokiankylat.fi\/taivalkunta\/yhdistykset\/taivalkunnan-kylat-ry\/kylayhdistyksen-arkisto\/kylakirjeet\/kylakirjeet-2016\/kylakirje-4-3-2016\/","title":{"rendered":"Kyl\u00e4kirje 4-3-2016"},"content":{"rendered":"<h2><strong>KUTSU KYL\u00c4ILTAAN\u00a0ke 16.3.2016 kello 18.00 kyl\u00e4n koululle <\/strong><\/h2>\n<p>Taivalkunnantie 575, 37120 Nokia<\/p>\n<h6><strong>Turvallisuus on osa ihmisen jokap\u00e4iv\u00e4ist\u00e4 arkea.<\/strong><\/h6>\n<p><strong>\u00a0<\/strong>Taivalkunnan Kyl\u00e4t ry j\u00e4rjest\u00e4\u00e4 kyl\u00e4illan, johon <strong>kaikilla on vapaa p\u00e4\u00e4sy<\/strong>. Illan teemana on <strong>turvallinen kyl\u00e4<\/strong>. Aloitamme illan kahvihetkell\u00e4 kello 18.00 ja sitten seuraa tervetuliaissanat.<\/p>\n<p>Rehtori <strong>Marika Pajunen<\/strong> tuo kouluty\u00f6n terveiset sek\u00e4 turvallisuushaasteet koulun n\u00e4k\u00f6kulmasta.<\/p>\n<p>Kyl\u00e4asiamies <strong>Marja Vehn\u00e4maa <\/strong>(Pirkan Kyl\u00e4t) pit\u00e4\u00e4 alustuksen huomioonotettavista asioista kodin arjessa.<\/p>\n<p>Kyl\u00e4yhdistys tukee turvallisuutta ja antaa kyl\u00e4l\u00e4isille hyv\u00e4t ev\u00e4\u00e4t mahdollisesti eteen tuleviin arjen poikkeustilanteisiin Taivalkuntaan teht\u00e4v\u00e4ll\u00e4 turvallisuussuunnitelmalla, joka pohjautuu paljolti kyl\u00e4illan antiin.<\/p>\n<p>Teemaillassa\u00a0pohditaan rikosturvallisuuden lis\u00e4ksi palo-, liikenne- ja poikkeusolojen- turvallisuutta sek\u00e4 mahdolliset onnettomuustilanteet. Kirjataan yl\u00f6s paikalliset oman kyl\u00e4n turvallisuushaasteet ja keinot, miten niihin puututaan. Ohjeita tulee esim. myrskytuhoihin, vedensaantiin poikkeustiloissa ja h\u00e4t\u00e4tilanteissa h\u00e4lytyksen tekemiseen. Suunnitelman tekeminen on yhteisty\u00f6t\u00e4 kaikkien kyl\u00e4l\u00e4isten kanssa.<\/p>\n<p>Taivalkunnan Kyl\u00e4t ry toivoo, ett\u00e4 kaikki nykyiset ja entiset kyl\u00e4l\u00e4iset perheineen tulisivat koululle kuuntelemaan ja keskustelemaan l\u00e4hitulevaisuuden asioista. Mahdolliset yhteydenotot asiasta pyydet\u00e4\u00e4n osoittamaan kyl\u00e4yhdistyksen puheenjohtajalle Olli Sorvalle.<\/p>\n<p><strong>Toivotamme sinut tervetulleeksi, Taivalkunnat Kyl\u00e4t ry:n hallitus<\/strong><\/p>\n<h6><strong><span style=\"color: #00ccff\">Kyl\u00e4postia varten Taivalkunnan Kyl\u00e4t ry:ll\u00e4 on s\u00e4hk\u00f6postilista k\u00e4yt\u00f6ss\u00e4.<\/span><\/strong><\/h6>\n<p>T\u00e4m\u00e4kin kyl\u00e4kirje meni s\u00e4hk\u00f6postitse kaikille osoitteensa antaneille. Jos et saanut t\u00e4t\u00e4 s\u00e4hk\u00f6isesti ja sinulla on s\u00e4hk\u00f6posti k\u00e4yt\u00f6ss\u00e4si, niin l\u00e4het\u00e4 yhteystietosi osoitteeseen <a href=\"mailto:olli.sorva@nokiansahkotalo.fi\">olli.sorva(at)nokiansahkotalo.fi<\/a> ja p\u00e4\u00e4set postituslistalle. Samaan talouteenkin haluamme mielell\u00e4\u00e4n useampia vastaanottajia. Postituslista on vain kyl\u00e4yhdistyksen ja kyl\u00e4n asioiden tiedottamiseen, emmek\u00e4 sit\u00e4 muille anna. Jos sinulla ei ole s\u00e4hk\u00f6postia, niin ei h\u00e4t\u00e4\u00e4, sill\u00e4 jaamme jatkossakin osan tiedotteista postilaatikkojakonakin ja laitamme ilmoitustauluille.<\/p>\n<h6><strong><span style=\"color: #00ccff\">Taivalkunnan t\u00e4ysin uudistettu nettisivusto saa pikku hiljaa sis\u00e4lt\u00f6\u00e4 ja<\/span><\/strong><\/h6>\n<p>palvelee kyl\u00e4l\u00e4isi\u00e4 paremmin. T\u00e4m\u00e4kin kyl\u00e4kirje l\u00f6ytyy sivustolta kyl\u00e4yhdistys kyl\u00e4kirje 4-3-2016 osoitteesta <a href=\"https:\/\/www.nokiankylat.fi\/taivalkunta\/yhdistykset\/taivalkunnan-kylat-ry\/\">https:\/\/www.nokiankylat.fi\/taivalkunta\/yhdistykset\/taivalkunnan-kylat-ry\/<\/a><\/p>\n<p>Ota kiireett\u00f6m\u00e4t <strong>yhteydenotot mieluiten s\u00e4hk\u00f6postitse <\/strong><a href=\"mailto:olli.sorva@nokiansahkotalo.fi\">olli.sorva(at)nokiansahkotalo.fi<\/a>. Taivalkunnan Kyl\u00e4t ry hallituksen pj. Olli Sorva (GSM 050 5603 808 Pihtikorventie 7).<\/p>\n","protected":false},"excerpt":{"rendered":"<p>KUTSU KYL\u00c4ILTAAN\u00a0ke 16.3.2016 kello 18.00 kyl\u00e4n koululle Taivalkunnantie 575, 37120 Nokia Turvallisuus on osa ihmisen jokap\u00e4iv\u00e4ist\u00e4 arkea. \u00a0Taivalkunnan Kyl\u00e4t ry j\u00e4rjest\u00e4\u00e4 kyl\u00e4illan, johon kaikilla on vapaa p\u00e4\u00e4sy. Illan teemana on turvallinen kyl\u00e4. Aloitamme illan kahvihetkell\u00e4 kello 18.00 ja sitten seuraa tervetuliaissanat. Rehtori Marika Pajunen tuo kouluty\u00f6n terveiset sek\u00e4 turvallisuushaasteet koulun n\u00e4k\u00f6kulmasta. Kyl\u00e4asiamies Marja Vehn\u00e4maa (Pirkan &hellip; <a href=\"https:\/\/www.nokiankylat.fi\/taivalkunta\/yhdistykset\/taivalkunnan-kylat-ry\/kylayhdistyksen-arkisto\/kylakirjeet\/kylakirjeet-2016\/kylakirje-4-3-2016\/\">Jatkuu<\/a><\/p>\n","protected":false},"author":4,"featured_media":0,"parent":184,"menu_order":0,"comment_status":"closed","ping_status":"closed","template":"","meta":{"_acf_changed":false,"footnotes":""},"class_list":["post-947","page","type-page","status-publish","hentry"],"acf":[],"_links":{"self":[{"href":"https:\/\/www.nokiankylat.fi\/taivalkunta\/wp-json\/wp\/v2\/pages\/947","targetHints":{"allow":["GET"]}}],"collection":[{"href":"https:\/\/www.nokiankylat.fi\/taivalkunta\/wp-json\/wp\/v2\/pages"}],"about":[{"href":"https:\/\/www.nokiankylat.fi\/taivalkunta\/wp-json\/wp\/v2\/types\/page"}],"author":[{"embeddable":true,"href":"https:\/\/www.nokiankylat.fi\/taivalkunta\/wp-json\/wp\/v2\/users\/4"}],"replies":[{"embeddable":true,"href":"https:\/\/www.nokiankylat.fi\/taivalkunta\/wp-json\/wp\/v2\/comments?post=947"}],"version-history":[{"count":8,"href":"https:\/\/www.nokiankylat.fi\/taivalkunta\/wp-json\/wp\/v2\/pages\/947\/revisions"}],"predecessor-version":[{"id":960,"href":"https:\/\/www.nokiankylat.fi\/taivalkunta\/wp-json\/wp\/v2\/pages\/947\/revisions\/960"}],"up":[{"embeddable":true,"href":"https:\/\/www.nokiankylat.fi\/taivalkunta\/wp-json\/wp\/v2\/pages\/184"}],"wp:attachment":[{"href":"https:\/\/www.nokiankylat.fi\/taivalkunta\/wp-json\/wp\/v2\/media?parent=947"}],"curies":[{"name":"wp","href":"https:\/\/api.w.org\/{rel}","templated":true}]}}