{"id":97,"date":"2016-01-16T18:29:43","date_gmt":"2016-01-16T16:29:43","guid":{"rendered":"http:\/\/nokiankylat.wysiwyg.fi\/taivalkunta\/?page_id=97"},"modified":"2016-01-18T18:19:07","modified_gmt":"2016-01-18T16:19:07","slug":"kummakko-design","status":"publish","type":"page","link":"https:\/\/www.nokiankylat.fi\/taivalkunta\/palvelut\/kummakko-design\/","title":{"rendered":"Kummakko-Design"},"content":{"rendered":"<h2>Kummakko-Design<\/h2>\n<p>Satu Cozens<\/p>\n<p>Kassilantie 16, 37120 Nokia<\/p>\n<p>040 5241 518<\/p>\n<p>L\u00e4het\u00e4 <a href=\"mailto:satu.cozens@kummakko.net\" target=\"_blank\">s\u00e4hk\u00f6postia<\/a><\/p>\n<p>T\u00e4st\u00e4 <a href=\"http:\/\/www.kummakko.net\" target=\"_blank\">kotisivullemme<\/a><\/p>\n<ul>\n<li>Kummakko-Designin p\u00e4\u00e4toimiala on kuvitus. Erityisosaamisalue:karikatyyrit, pilapiirrokset, sarjakuvat ja kuvituspiirrokset. Asiakaskunta muodostuu p\u00e4\u00e4asiassa yrityksist\u00e4, lehdist\u00e4, kunnista, j\u00e4rjest\u00f6ist\u00e4 ja yksityishenkil\u00f6ist\u00e4<\/li>\n<\/ul>\n","protected":false},"excerpt":{"rendered":"<p>Kummakko-Design Satu Cozens Kassilantie 16, 37120 Nokia 040 5241 518 L\u00e4het\u00e4 s\u00e4hk\u00f6postia T\u00e4st\u00e4 kotisivullemme Kummakko-Designin p\u00e4\u00e4toimiala on kuvitus. Erityisosaamisalue:karikatyyrit, pilapiirrokset, sarjakuvat ja kuvituspiirrokset. Asiakaskunta muodostuu p\u00e4\u00e4asiassa yrityksist\u00e4, lehdist\u00e4, kunnista, j\u00e4rjest\u00f6ist\u00e4 ja yksityishenkil\u00f6ist\u00e4<\/p>\n","protected":false},"author":4,"featured_media":0,"parent":30,"menu_order":0,"comment_status":"closed","ping_status":"closed","template":"","meta":{"_acf_changed":false,"footnotes":""},"class_list":["post-97","page","type-page","status-publish","hentry"],"acf":[],"_links":{"self":[{"href":"https:\/\/www.nokiankylat.fi\/taivalkunta\/wp-json\/wp\/v2\/pages\/97","targetHints":{"allow":["GET"]}}],"collection":[{"href":"https:\/\/www.nokiankylat.fi\/taivalkunta\/wp-json\/wp\/v2\/pages"}],"about":[{"href":"https:\/\/www.nokiankylat.fi\/taivalkunta\/wp-json\/wp\/v2\/types\/page"}],"author":[{"embeddable":true,"href":"https:\/\/www.nokiankylat.fi\/taivalkunta\/wp-json\/wp\/v2\/users\/4"}],"replies":[{"embeddable":true,"href":"https:\/\/www.nokiankylat.fi\/taivalkunta\/wp-json\/wp\/v2\/comments?post=97"}],"version-history":[{"count":3,"href":"https:\/\/www.nokiankylat.fi\/taivalkunta\/wp-json\/wp\/v2\/pages\/97\/revisions"}],"predecessor-version":[{"id":160,"href":"https:\/\/www.nokiankylat.fi\/taivalkunta\/wp-json\/wp\/v2\/pages\/97\/revisions\/160"}],"up":[{"embeddable":true,"href":"https:\/\/www.nokiankylat.fi\/taivalkunta\/wp-json\/wp\/v2\/pages\/30"}],"wp:attachment":[{"href":"https:\/\/www.nokiankylat.fi\/taivalkunta\/wp-json\/wp\/v2\/media?parent=97"}],"curies":[{"name":"wp","href":"https:\/\/api.w.org\/{rel}","templated":true}]}}