{"id":40,"date":"2016-02-07T18:05:35","date_gmt":"2016-02-07T16:05:35","guid":{"rendered":"http:\/\/nokiankylat.wysiwyg.fi\/tottijarvi\/?page_id=40"},"modified":"2023-04-19T20:10:31","modified_gmt":"2023-04-19T17:10:31","slug":"seurat","status":"publish","type":"page","link":"https:\/\/www.nokiankylat.fi\/tottijarvi\/seurat\/","title":{"rendered":"Yhdistykset"},"content":{"rendered":"<h6>Paikallisia yhdistyksi\u00e4<\/h6>\n<p>HUOM! Kaikki yhdistykset eiv\u00e4t p\u00e4ivit\u00e4 tietojaan. Tiedot voivat olla vanhentuneita.<\/p>\n<p><strong>Tottij\u00e4rven maa- ja kotitalousseura ry<\/strong><br \/>\nPuheenjohtaja Atro Vuorilehmus<br \/>\ntottijarvenjukola(at)gmail.com<br \/>\n<a href=\"http:\/\/www.tottijarvenjukola.fi\">Tottij\u00e4rven Jukola<\/a><\/p>\n<p><strong>Tottij\u00e4rven Marttayhdistys<\/strong><br \/>\nPuheenjohtaja Liisa Karukka-Karo<br \/>\np. 050 521 5155<br \/>\nliisa.karukka-karo(at)elisanet.fi<\/p>\n<p><strong>Totin Er\u00e4 ry mets\u00e4stysseura<\/strong><br \/>\nPuheenjohtaja Ari Lindstedt<br \/>\np. 040 766 6161<\/p>\n<p><strong>Maataloustuottajain Tottij\u00e4rven yhdistys ry<\/strong><br \/>\nPuheenjohtaja Antti Sorri<br \/>\np. 03-340 1207<\/p>\n<p><strong>Tottij\u00e4rven Urheilijat ry<\/strong><br \/>\nPuheenjohtaja Antti Ali-Pihnala<br \/>\np. 040 563 5653<\/p>\n<p><strong>Tottij\u00e4rvi-Seura ry<\/strong><br \/>\nPuheenjohtaja Anja Ojanen<br \/>\ntottijarvenkylalehti(at)gmail.com<br \/>\n<a href=\"https:\/\/tottijarvenkylalehti.org\/\">Kts. Tottij\u00e4rvi-Seuran sivu<\/a><\/p>\n<p><strong>Tottij\u00e4rven j\u00e4rvenhoitoyhdistys ry<\/strong><br \/>\nPuheenjohtaja Aimo J\u00e4rvinen<br \/>\np. 050 556 6860<br \/>\naimo.jarvinen94(at)gmail.com<\/p>\n<p><strong>Kirkonkyl\u00e4n vesihuolto-osuuskunta<\/strong><br \/>\nc\/o Ylivinkka<br \/>\nM\u00e4ntym\u00e4entie 6<br \/>\n37310 TOTTIJ\u00c4RVI<\/p>\n<p><strong>Tottij\u00e4rven Nuorisoseura ry (ei toiminnassa)<\/strong><br \/>\nPuheenjohtaja Sanna Koivuniemi<\/p>\n<p><strong>Tottij\u00e4rven kirkkokuoro ry<\/strong><br \/>\nPuheenjohtaja P\u00e4ivi Honkala<br \/>\np.\u00a0\u00a0050 532 3611,\u00a0paivi.honkala@gmail.com<br \/>\nKuoronjohtaja Pirkko Pihlajamaa<br \/>\np.\u00a0050 591 1540,\u00a0\u00a0pirkonkoti@gmail.com<\/p>\n<p><strong>Tottij\u00e4rven vanhempainyhdistys ry<\/strong><\/p>\n","protected":false},"excerpt":{"rendered":"<p>Paikallisia yhdistyksi\u00e4 HUOM! Kaikki yhdistykset eiv\u00e4t p\u00e4ivit\u00e4 tietojaan. Tiedot voivat olla vanhentuneita. Tottij\u00e4rven maa- ja kotitalousseura ry Puheenjohtaja Atro Vuorilehmus tottijarvenjukola(at)gmail.com Tottij\u00e4rven Jukola Tottij\u00e4rven Marttayhdistys Puheenjohtaja Liisa Karukka-Karo p. 050 521 5155 liisa.karukka-karo(at)elisanet.fi Totin Er\u00e4 ry mets\u00e4stysseura Puheenjohtaja Ari Lindstedt p. 040 766 6161 Maataloustuottajain Tottij\u00e4rven yhdistys ry Puheenjohtaja Antti Sorri p. 03-340 1207 Tottij\u00e4rven &hellip; <a href=\"https:\/\/www.nokiankylat.fi\/tottijarvi\/seurat\/\">Jatkuu<\/a><\/p>\n","protected":false},"author":5,"featured_media":0,"parent":0,"menu_order":0,"comment_status":"closed","ping_status":"closed","template":"","meta":{"_acf_changed":false,"footnotes":""},"class_list":["post-40","page","type-page","status-publish","hentry"],"acf":[],"_links":{"self":[{"href":"https:\/\/www.nokiankylat.fi\/tottijarvi\/wp-json\/wp\/v2\/pages\/40","targetHints":{"allow":["GET"]}}],"collection":[{"href":"https:\/\/www.nokiankylat.fi\/tottijarvi\/wp-json\/wp\/v2\/pages"}],"about":[{"href":"https:\/\/www.nokiankylat.fi\/tottijarvi\/wp-json\/wp\/v2\/types\/page"}],"author":[{"embeddable":true,"href":"https:\/\/www.nokiankylat.fi\/tottijarvi\/wp-json\/wp\/v2\/users\/5"}],"replies":[{"embeddable":true,"href":"https:\/\/www.nokiankylat.fi\/tottijarvi\/wp-json\/wp\/v2\/comments?post=40"}],"version-history":[{"count":18,"href":"https:\/\/www.nokiankylat.fi\/tottijarvi\/wp-json\/wp\/v2\/pages\/40\/revisions"}],"predecessor-version":[{"id":366,"href":"https:\/\/www.nokiankylat.fi\/tottijarvi\/wp-json\/wp\/v2\/pages\/40\/revisions\/366"}],"wp:attachment":[{"href":"https:\/\/www.nokiankylat.fi\/tottijarvi\/wp-json\/wp\/v2\/media?parent=40"}],"curies":[{"name":"wp","href":"https:\/\/api.w.org\/{rel}","templated":true}]}}