{"id":59,"date":"2016-02-14T22:48:38","date_gmt":"2016-02-14T20:48:38","guid":{"rendered":"http:\/\/www.nokiankylat.fi\/tottijarvi\/?page_id=59"},"modified":"2026-03-16T13:55:20","modified_gmt":"2026-03-16T11:55:20","slug":"palvelut","status":"publish","type":"page","link":"https:\/\/www.nokiankylat.fi\/tottijarvi\/palvelut\/","title":{"rendered":"Palveluhakemisto"},"content":{"rendered":"<p>Palveluhakemisto julkaistaan my\u00f6s Kyl\u00e4lehdess\u00e4.<br \/>\nPalveluhakemistoa yll\u00e4pit\u00e4\u00e4 Tottij\u00e4rvi-Seura ry, tottijarvenkylalehti@gmail.com<br \/>\nLis\u00e4\u00e4 tietoa <a href=\"https:\/\/tottijarvenkylalehti.org\/tottijarven-kylalehti\/palveluhakemisto\/\">Tottij\u00e4rvi-Seuran ja Kyl\u00e4lehden sivuilla.<\/a><\/p>\n<p>Voit ladata palveluhakemiston my\u00f6s PDF:n\u00e4 Tottij\u00e4rvi-Seuran ja Kyl\u00e4lehden sivuilta linkist\u00e4.<\/p>\n<p><a href=\"https:\/\/tottijarvenkylalehti.org\/tottijarven-kylalehti\/palveluhakemisto\/\">Palveluhakemisto<\/a><\/p>\n<p>&nbsp;<\/p>\n<p>&nbsp;<\/p>\n","protected":false},"excerpt":{"rendered":"<p>Palveluhakemisto julkaistaan my\u00f6s Kyl\u00e4lehdess\u00e4. Palveluhakemistoa yll\u00e4pit\u00e4\u00e4 Tottij\u00e4rvi-Seura ry, tottijarvenkylalehti@gmail.com Lis\u00e4\u00e4 tietoa Tottij\u00e4rvi-Seuran ja Kyl\u00e4lehden sivuilla. Voit ladata palveluhakemiston my\u00f6s PDF:n\u00e4 Tottij\u00e4rvi-Seuran ja Kyl\u00e4lehden sivuilta linkist\u00e4. Palveluhakemisto &nbsp; &nbsp;<\/p>\n","protected":false},"author":5,"featured_media":0,"parent":0,"menu_order":0,"comment_status":"closed","ping_status":"closed","template":"","meta":{"_acf_changed":false,"footnotes":""},"class_list":["post-59","page","type-page","status-publish","hentry"],"acf":[],"_links":{"self":[{"href":"https:\/\/www.nokiankylat.fi\/tottijarvi\/wp-json\/wp\/v2\/pages\/59","targetHints":{"allow":["GET"]}}],"collection":[{"href":"https:\/\/www.nokiankylat.fi\/tottijarvi\/wp-json\/wp\/v2\/pages"}],"about":[{"href":"https:\/\/www.nokiankylat.fi\/tottijarvi\/wp-json\/wp\/v2\/types\/page"}],"author":[{"embeddable":true,"href":"https:\/\/www.nokiankylat.fi\/tottijarvi\/wp-json\/wp\/v2\/users\/5"}],"replies":[{"embeddable":true,"href":"https:\/\/www.nokiankylat.fi\/tottijarvi\/wp-json\/wp\/v2\/comments?post=59"}],"version-history":[{"count":116,"href":"https:\/\/www.nokiankylat.fi\/tottijarvi\/wp-json\/wp\/v2\/pages\/59\/revisions"}],"predecessor-version":[{"id":424,"href":"https:\/\/www.nokiankylat.fi\/tottijarvi\/wp-json\/wp\/v2\/pages\/59\/revisions\/424"}],"wp:attachment":[{"href":"https:\/\/www.nokiankylat.fi\/tottijarvi\/wp-json\/wp\/v2\/media?parent=59"}],"curies":[{"name":"wp","href":"https:\/\/api.w.org\/{rel}","templated":true}]}}