{"id":9,"date":"2015-10-25T13:22:33","date_gmt":"2015-10-25T11:22:33","guid":{"rendered":"http:\/\/nokiankylat.wysiwyg.fi\/tottijarvi\/?page_id=9"},"modified":"2018-05-31T00:19:35","modified_gmt":"2018-05-30T21:19:35","slug":"etusivu","status":"publish","type":"page","link":"https:\/\/www.nokiankylat.fi\/tottijarvi\/","title":{"rendered":"Etusivu"},"content":{"rendered":"<h1>TOTTIJ\u00c4RVEN KYL\u00c4<\/h1>\n<p>Tottij\u00e4rvi on aktiivinen, vire\u00e4, kasvava kyl\u00e4 l\u00e4hell\u00e4 pirkanmaan syd\u00e4nt\u00e4. Tottij\u00e4rvi on yksi Nokian kylist\u00e4 L\u00e4nsi-Suomen l\u00e4\u00e4niss\u00e4 Pirkanmaalla, Tampereen seutukunnassa. Tottij\u00e4rvi sijaitsee Pyh\u00e4j\u00e4rven Sorvansel\u00e4n ja Maivansel\u00e4n l\u00e4ntisten lahtien ymp\u00e4rill\u00e4. Tampereelta Tottij\u00e4rvelle on noin 33 km, Vammalasta 25 km ja Lemp\u00e4\u00e4l\u00e4st\u00e4 33 km.<\/p>\n<p>Tottij\u00e4rven kyl\u00e4\u00e4n kuuluu 14 pienemp\u00e4\u00e4 kyl\u00e4\u00e4: Sorva, Lamminper\u00e4, Huhtaa, Pajulahti, Kirkonkyl\u00e4, Joutsijoki, Joenpohja, Myllykyl\u00e4, Mets\u00e4kulma, (Tottij\u00e4rven) R\u00e4ms\u00f6\u00f6, Tolppa, Pohjanloukko sek\u00e4 osa Palhon ja Vakkalan kylist\u00e4.<\/p>\n<p>Tottij\u00e4rven naapureina Vesilahden puolella ovat R\u00e4ms\u00f6\u00f6n kyl\u00e4, Narvan kyl\u00e4, Palho-Vakkalan kyl\u00e4, Nokian kylist\u00e4 l\u00e4hinn\u00e4 on Sarkola. Jos kuljetaan vett\u00e4 pitkin, on Pyh\u00e4j\u00e4rven vastarannalla Pirkkalan kyl\u00e4t.<\/p>\n<p>Nokian keskustaan on noin 15 km kirkolta<\/p>\n<h2><\/h2>\n","protected":false},"excerpt":{"rendered":"<p>TOTTIJ\u00c4RVEN KYL\u00c4 Tottij\u00e4rvi on aktiivinen, vire\u00e4, kasvava kyl\u00e4 l\u00e4hell\u00e4 pirkanmaan syd\u00e4nt\u00e4. Tottij\u00e4rvi on yksi Nokian kylist\u00e4 L\u00e4nsi-Suomen l\u00e4\u00e4niss\u00e4 Pirkanmaalla, Tampereen seutukunnassa. Tottij\u00e4rvi sijaitsee Pyh\u00e4j\u00e4rven Sorvansel\u00e4n ja Maivansel\u00e4n l\u00e4ntisten lahtien ymp\u00e4rill\u00e4. Tampereelta Tottij\u00e4rvelle on noin 33 km, Vammalasta 25 km ja Lemp\u00e4\u00e4l\u00e4st\u00e4 33 km. Tottij\u00e4rven kyl\u00e4\u00e4n kuuluu 14 pienemp\u00e4\u00e4 kyl\u00e4\u00e4: Sorva, Lamminper\u00e4, Huhtaa, Pajulahti, Kirkonkyl\u00e4, Joutsijoki, &hellip; <a href=\"https:\/\/www.nokiankylat.fi\/tottijarvi\/\">Jatkuu<\/a><\/p>\n","protected":false},"author":1,"featured_media":0,"parent":0,"menu_order":0,"comment_status":"closed","ping_status":"closed","template":"","meta":{"_acf_changed":false,"footnotes":""},"class_list":["post-9","page","type-page","status-publish","hentry"],"acf":[],"_links":{"self":[{"href":"https:\/\/www.nokiankylat.fi\/tottijarvi\/wp-json\/wp\/v2\/pages\/9","targetHints":{"allow":["GET"]}}],"collection":[{"href":"https:\/\/www.nokiankylat.fi\/tottijarvi\/wp-json\/wp\/v2\/pages"}],"about":[{"href":"https:\/\/www.nokiankylat.fi\/tottijarvi\/wp-json\/wp\/v2\/types\/page"}],"author":[{"embeddable":true,"href":"https:\/\/www.nokiankylat.fi\/tottijarvi\/wp-json\/wp\/v2\/users\/1"}],"replies":[{"embeddable":true,"href":"https:\/\/www.nokiankylat.fi\/tottijarvi\/wp-json\/wp\/v2\/comments?post=9"}],"version-history":[{"count":14,"href":"https:\/\/www.nokiankylat.fi\/tottijarvi\/wp-json\/wp\/v2\/pages\/9\/revisions"}],"predecessor-version":[{"id":375,"href":"https:\/\/www.nokiankylat.fi\/tottijarvi\/wp-json\/wp\/v2\/pages\/9\/revisions\/375"}],"wp:attachment":[{"href":"https:\/\/www.nokiankylat.fi\/tottijarvi\/wp-json\/wp\/v2\/media?parent=9"}],"curies":[{"name":"wp","href":"https:\/\/api.w.org\/{rel}","templated":true}]}}